{"id":175,"date":"2020-09-29T11:49:13","date_gmt":"2020-09-29T09:49:13","guid":{"rendered":"https:\/\/www.vivantavocats.com\/?page_id=175"},"modified":"2020-12-02T22:21:59","modified_gmt":"2020-12-02T21:21:59","slug":"accueil","status":"publish","type":"page","link":"https:\/\/www.vivantavocats.com\/en\/","title":{"rendered":"Home"},"content":{"rendered":"<p>[vc_row full_width=&#8221;stretch_row_content_no_spaces&#8221; full_height=&#8221;yes&#8221;][vc_column]\n    <div class=\"home-slider\">\n    <div class=\"slider-inner\">\n\n        <div class=\"home-slide-wrapper\">\n\n                    <div class=\"slide-item  \" style=\"background-image:url(https:\/\/www.vivantavocats.com\/wp-content\/uploads\/2020\/10\/DSC_9765-test-filtre-1920x1281.jpg)\">\n                <div class=\"slide-content\">\n                    <p>[vc_row][vc_column][vc_column_text el_class=&#8221;home-slide-text&#8221;]<\/p>\n<p style=\"text-align: center; line-height: 1;\"><span style=\"color: #ffffff;\">The human touch, strategy, creativity<\/span><br \/>\n<span style=\"color: #ffffff; font-size: 0.7em;\">applied to every aspect of company life<\/span><\/p>\n<p>[\/vc_column_text][\/vc_column][\/vc_row]<\/p>\n                <\/div>\n            <\/div>\n                    <div class=\"slide-item  bg-top\" style=\"background-image:url(https:\/\/www.vivantavocats.com\/wp-content\/uploads\/2020\/08\/DSC_0341WEB-test-filtre-scaled-e1603189440529-1920x1164.jpg)\">\n                <div class=\"slide-content\">\n                    <p>[vc_row][vc_column width=&#8221;1\/2&#8243;][vc_column_text el_class=&#8221;home-slide-text&#8221;]<\/p>\n<p style=\"text-align: center;\"><span style=\"color: #ffffff;\"><img loading=\"lazy\" class=\"alignnone size-full wp-image-373\" src=\"https:\/\/www.vivantavocats.com\/wp-content\/uploads\/2020\/08\/slide-2-logos_01.png\" alt=\"\" width=\"353\" height=\"91\" srcset=\"https:\/\/www.vivantavocats.com\/wp-content\/uploads\/2020\/08\/slide-2-logos_01.png 353w, https:\/\/www.vivantavocats.com\/wp-content\/uploads\/2020\/08\/slide-2-logos_01-300x77.png 300w, https:\/\/www.vivantavocats.com\/wp-content\/uploads\/2020\/08\/slide-2-logos_01-230x59.png 230w, https:\/\/www.vivantavocats.com\/wp-content\/uploads\/2020\/08\/slide-2-logos_01-350x90.png 350w\" sizes=\"(max-width: 353px) 100vw, 353px\" \/><\/span><\/p>\n<p style=\"text-align: center;\"><span style=\"color: #ffffff; font-size: 0.7em;\"><b>\u00ab <\/b><strong>The go-to address<\/strong> <b>\u00bb<\/b><\/span><\/p>\n<p class=\"slide-legend\" style=\"text-align: center;\"><span style=\"color: #ffffff;\"> Restructuring, redundancy plans and related litigation<\/span><\/p>\n<p class=\"slide-legend\" style=\"text-align: center;\"><span style=\"color: #ffffff;\">Collective bargaining and labour relations<\/span><\/p>\n<p class=\"slide-legend\" style=\"text-align: center;\"><span style=\"color: #ffffff;\">High-risk litigation<\/span><\/p>\n<div class=\"slide-space\"><\/div>\n<p style=\"text-align: center;\"><span style=\"color: #ffffff;\"><b><img loading=\"lazy\" class=\"alignnone size-full wp-image-374\" src=\"https:\/\/www.vivantavocats.com\/wp-content\/uploads\/2020\/08\/slide-2-logos_03.png\" alt=\"\" width=\"353\" height=\"104\" srcset=\"https:\/\/www.vivantavocats.com\/wp-content\/uploads\/2020\/08\/slide-2-logos_03.png 353w, https:\/\/www.vivantavocats.com\/wp-content\/uploads\/2020\/08\/slide-2-logos_03-300x88.png 300w, https:\/\/www.vivantavocats.com\/wp-content\/uploads\/2020\/08\/slide-2-logos_03-230x68.png 230w, https:\/\/www.vivantavocats.com\/wp-content\/uploads\/2020\/08\/slide-2-logos_03-350x103.png 350w\" sizes=\"(max-width: 353px) 100vw, 353px\" \/><br \/>\n<\/b><\/span><span style=\"color: #ffffff; font-size: 0.7em;\"><b>\u00ab <\/b><strong>Band 3<\/strong> <b>\u00bb<\/b><\/span><\/p>\n<p>[\/vc_column_text][\/vc_column][vc_column width=&#8221;1\/2&#8243;][vc_column_text el_class=&#8221;home-slide-text&#8221;]<\/p>\n<p style=\"text-align: center;\"><span style=\"color: #ffffff; font-size: 0.7em;\"><img loading=\"lazy\" class=\"alignnone size-full wp-image-375\" src=\"https:\/\/www.vivantavocats.com\/wp-content\/uploads\/2020\/08\/slide-2-sep_03-1.png\" alt=\"\" width=\"339\" height=\"146\" srcset=\"https:\/\/www.vivantavocats.com\/wp-content\/uploads\/2020\/08\/slide-2-sep_03-1.png 339w, https:\/\/www.vivantavocats.com\/wp-content\/uploads\/2020\/08\/slide-2-sep_03-1-300x129.png 300w, https:\/\/www.vivantavocats.com\/wp-content\/uploads\/2020\/08\/slide-2-sep_03-1-230x99.png 230w\" sizes=\"(max-width: 339px) 100vw, 339px\" \/><br \/>\n\u00ab <strong>Grand avocat du march\u00e9 \u00bb<br \/>\n<\/strong>ranked lawyer<\/span><\/p>\n<p>[\/vc_column_text][\/vc_column][\/vc_row]<\/p>\n                <\/div>\n            <\/div>\n        \n        <\/div>\n    <\/div>\n<\/div>\n\n\n\n[\/vc_column][\/vc_row]<\/p>\n","protected":false},"excerpt":{"rendered":"<p>[vc_row full_width=&#8221;stretch_row_content_no_spaces&#8221; full_height=&#8221;yes&#8221;][vc_column][\/vc_column][\/vc_row]<\/p>\n","protected":false},"author":1,"featured_media":0,"parent":0,"menu_order":0,"comment_status":"closed","ping_status":"open","template":"page-full.php","meta":[],"yoast_head":"<!-- This site is optimized with the Yoast SEO plugin v16.8 - https:\/\/yoast.com\/wordpress\/plugins\/seo\/ -->\n<title>Home - Vivant Avocats<\/title>\n<meta name=\"description\" content=\"L&#039;humain, la strat\u00e9gie, la cr\u00e9ativit\u00e9 dans toutes les \u00e9volutions de l&#039;entreprise sont la raison d&#039;\u00eatre du cabinet d&#039;avocats Vivant Avocats.\" \/>\n<meta name=\"robots\" content=\"index, follow, max-snippet:-1, max-image-preview:large, max-video-preview:-1\" \/>\n<link rel=\"canonical\" href=\"https:\/\/www.vivantavocats.com\/\" \/>\n<meta property=\"og:locale\" content=\"en_US\" \/>\n<meta property=\"og:type\" content=\"article\" \/>\n<meta property=\"og:title\" content=\"Bienvenue sur le site de Vivant Avocats\" \/>\n<meta property=\"og:description\" content=\"L&#039;humain, la strat\u00e9gie, la cr\u00e9ativit\u00e9 dans toutes les \u00e9volutions de l&#039;entreprise.\" \/>\n<meta property=\"og:url\" content=\"https:\/\/www.vivantavocats.com\/\" \/>\n<meta property=\"og:site_name\" content=\"Vivant Avocats\" \/>\n<meta property=\"article:modified_time\" content=\"2020-12-02T21:21:59+00:00\" \/>\n<meta name=\"twitter:card\" content=\"summary\" \/>\n<meta name=\"twitter:title\" content=\"Bienvenue sur le site de Vivant Avocats\" \/>\n<meta name=\"twitter:description\" content=\"L&#039;humain, la strat\u00e9gie, la cr\u00e9ativit\u00e9 dans toutes les \u00e9volutions de l&#039;entreprise.\" \/>\n<script type=\"application\/ld+json\" class=\"yoast-schema-graph\">{\"@context\":\"https:\/\/schema.org\",\"@graph\":[{\"@type\":\"Organization\",\"@id\":\"https:\/\/www.vivantavocats.com\/#organization\",\"name\":\"Vivant Avocats\",\"url\":\"https:\/\/www.vivantavocats.com\/\",\"sameAs\":[],\"logo\":{\"@type\":\"ImageObject\",\"@id\":\"https:\/\/www.vivantavocats.com\/#logo\",\"inLanguage\":\"en-US\",\"url\":\"https:\/\/www.vivantavocats.com\/wp-content\/uploads\/2020\/08\/logo-vivant.png\",\"contentUrl\":\"https:\/\/www.vivantavocats.com\/wp-content\/uploads\/2020\/08\/logo-vivant.png\",\"width\":392,\"height\":532,\"caption\":\"Vivant Avocats\"},\"image\":{\"@id\":\"https:\/\/www.vivantavocats.com\/#logo\"}},{\"@type\":\"WebSite\",\"@id\":\"https:\/\/www.vivantavocats.com\/#website\",\"url\":\"https:\/\/www.vivantavocats.com\/\",\"name\":\"Vivant Avocats\",\"description\":\"\",\"publisher\":{\"@id\":\"https:\/\/www.vivantavocats.com\/#organization\"},\"potentialAction\":[{\"@type\":\"SearchAction\",\"target\":{\"@type\":\"EntryPoint\",\"urlTemplate\":\"https:\/\/www.vivantavocats.com\/?s={search_term_string}\"},\"query-input\":\"required name=search_term_string\"}],\"inLanguage\":\"en-US\"},{\"@type\":\"WebPage\",\"@id\":\"https:\/\/www.vivantavocats.com\/#webpage\",\"url\":\"https:\/\/www.vivantavocats.com\/\",\"name\":\"Home - Vivant Avocats\",\"isPartOf\":{\"@id\":\"https:\/\/www.vivantavocats.com\/#website\"},\"datePublished\":\"2020-09-29T09:49:13+00:00\",\"dateModified\":\"2020-12-02T21:21:59+00:00\",\"description\":\"L'humain, la strat\\u00e9gie, la cr\\u00e9ativit\\u00e9 dans toutes les \\u00e9volutions de l'entreprise sont la raison d'\\u00eatre du cabinet d'avocats Vivant Avocats.\",\"breadcrumb\":{\"@id\":\"https:\/\/www.vivantavocats.com\/#breadcrumb\"},\"inLanguage\":\"en-US\",\"potentialAction\":[{\"@type\":\"ReadAction\",\"target\":[\"https:\/\/www.vivantavocats.com\/\"]}]},{\"@type\":\"BreadcrumbList\",\"@id\":\"https:\/\/www.vivantavocats.com\/#breadcrumb\",\"itemListElement\":[{\"@type\":\"ListItem\",\"position\":1,\"name\":\"Accueil\",\"item\":\"https:\/\/www.vivantavocats.com\/\"},{\"@type\":\"ListItem\",\"position\":2,\"name\":\"Accueil\"}]}]}<\/script>\n<!-- \/ Yoast SEO plugin. -->","yoast_head_json":{"title":"Home - Vivant Avocats","description":"L'humain, la strat\u00e9gie, la cr\u00e9ativit\u00e9 dans toutes les \u00e9volutions de l'entreprise sont la raison d'\u00eatre du cabinet d'avocats Vivant Avocats.","robots":{"index":"index","follow":"follow","max-snippet":"max-snippet:-1","max-image-preview":"max-image-preview:large","max-video-preview":"max-video-preview:-1"},"canonical":"https:\/\/www.vivantavocats.com\/","og_locale":"en_US","og_type":"article","og_title":"Bienvenue sur le site de Vivant Avocats","og_description":"L'humain, la strat\u00e9gie, la cr\u00e9ativit\u00e9 dans toutes les \u00e9volutions de l'entreprise.","og_url":"https:\/\/www.vivantavocats.com\/","og_site_name":"Vivant Avocats","article_modified_time":"2020-12-02T21:21:59+00:00","twitter_card":"summary","twitter_title":"Bienvenue sur le site de Vivant Avocats","twitter_description":"L'humain, la strat\u00e9gie, la cr\u00e9ativit\u00e9 dans toutes les \u00e9volutions de l'entreprise.","schema":{"@context":"https:\/\/schema.org","@graph":[{"@type":"Organization","@id":"https:\/\/www.vivantavocats.com\/#organization","name":"Vivant Avocats","url":"https:\/\/www.vivantavocats.com\/","sameAs":[],"logo":{"@type":"ImageObject","@id":"https:\/\/www.vivantavocats.com\/#logo","inLanguage":"en-US","url":"https:\/\/www.vivantavocats.com\/wp-content\/uploads\/2020\/08\/logo-vivant.png","contentUrl":"https:\/\/www.vivantavocats.com\/wp-content\/uploads\/2020\/08\/logo-vivant.png","width":392,"height":532,"caption":"Vivant Avocats"},"image":{"@id":"https:\/\/www.vivantavocats.com\/#logo"}},{"@type":"WebSite","@id":"https:\/\/www.vivantavocats.com\/#website","url":"https:\/\/www.vivantavocats.com\/","name":"Vivant Avocats","description":"","publisher":{"@id":"https:\/\/www.vivantavocats.com\/#organization"},"potentialAction":[{"@type":"SearchAction","target":{"@type":"EntryPoint","urlTemplate":"https:\/\/www.vivantavocats.com\/?s={search_term_string}"},"query-input":"required name=search_term_string"}],"inLanguage":"en-US"},{"@type":"WebPage","@id":"https:\/\/www.vivantavocats.com\/#webpage","url":"https:\/\/www.vivantavocats.com\/","name":"Home - Vivant Avocats","isPartOf":{"@id":"https:\/\/www.vivantavocats.com\/#website"},"datePublished":"2020-09-29T09:49:13+00:00","dateModified":"2020-12-02T21:21:59+00:00","description":"L'humain, la strat\u00e9gie, la cr\u00e9ativit\u00e9 dans toutes les \u00e9volutions de l'entreprise sont la raison d'\u00eatre du cabinet d'avocats Vivant Avocats.","breadcrumb":{"@id":"https:\/\/www.vivantavocats.com\/#breadcrumb"},"inLanguage":"en-US","potentialAction":[{"@type":"ReadAction","target":["https:\/\/www.vivantavocats.com\/"]}]},{"@type":"BreadcrumbList","@id":"https:\/\/www.vivantavocats.com\/#breadcrumb","itemListElement":[{"@type":"ListItem","position":1,"name":"Accueil","item":"https:\/\/www.vivantavocats.com\/"},{"@type":"ListItem","position":2,"name":"Accueil"}]}]}},"_links":{"self":[{"href":"https:\/\/www.vivantavocats.com\/en\/wp-json\/wp\/v2\/pages\/175"}],"collection":[{"href":"https:\/\/www.vivantavocats.com\/en\/wp-json\/wp\/v2\/pages"}],"about":[{"href":"https:\/\/www.vivantavocats.com\/en\/wp-json\/wp\/v2\/types\/page"}],"author":[{"embeddable":true,"href":"https:\/\/www.vivantavocats.com\/en\/wp-json\/wp\/v2\/users\/1"}],"replies":[{"embeddable":true,"href":"https:\/\/www.vivantavocats.com\/en\/wp-json\/wp\/v2\/comments?post=175"}],"version-history":[{"count":7,"href":"https:\/\/www.vivantavocats.com\/en\/wp-json\/wp\/v2\/pages\/175\/revisions"}],"predecessor-version":[{"id":432,"href":"https:\/\/www.vivantavocats.com\/en\/wp-json\/wp\/v2\/pages\/175\/revisions\/432"}],"wp:attachment":[{"href":"https:\/\/www.vivantavocats.com\/en\/wp-json\/wp\/v2\/media?parent=175"}],"curies":[{"name":"wp","href":"https:\/\/api.w.org\/{rel}","templated":true}]}}