{"id":189,"date":"2020-09-29T14:54:10","date_gmt":"2020-09-29T12:54:10","guid":{"rendered":"https:\/\/www.vivantavocats.com\/?page_id=189"},"modified":"2020-12-02T22:24:46","modified_gmt":"2020-12-02T21:24:46","slug":"mentions-legales","status":"publish","type":"page","link":"https:\/\/www.vivantavocats.com\/en\/mentions-legales\/","title":{"rendered":"Legal notice"},"content":{"rendered":"<p>[vc_row][vc_column]<div class=\"limited-box-container presentation-box\" style=\"margin-top:8vh;margin-bottom:0px;margin-left:0px;margin-right:0px;text-align:center;width:calc(100%)\">\n\t\t\t\t\t\t<div class=\"limited-box\" style=\"max-width:40em;color:inherit!important;\">[vc_column_text]<\/p>\n<p class=\"p1\"><span class=\"s1\">This is an English translation for information purposes only.<\/span><\/p>\n<p class=\"p1\"><span class=\"s1\">This website, accessible via the URL[s] www.Vivantavocats.com (the \u201cWebsite\u201d), is provided by the law firm Vivant Avocat, whose office is located at 35 Avenue d\u2019Eylau, 75016 Paris \u2013 France (Tel.: +33 (0)1 76.21.76.00 Fax: +33 (0)1 76 21 76 15<br \/>\n<\/span><span class=\"s1\">Email : contact@vivantavocats.com) (the \u201cFirm\u201d). R.C.S. Paris 883 783 078. VAT number: FR37883783078.<\/span><\/p>\n<p class=\"p1\"><span class=\"s1\">The Website has been submitted to the Paris Bar Association (<i>Ordre des Avocats du Barreau de Paris<\/i>), France.<b>\u00a0<\/b><\/span><\/p>\n<p>[\/vc_column_text]<div class=\"horizontal-line-container \" style=\"height:1px;margin-top:20px;margin-bottom:45px;text-align:center;\">\n\t\t\t\t\t\t<div class=\"horizontal-line\" style=\"width:100%;height:1px;background:rgba(255,255,255,0.5);\"><\/div>\n\t\t\t\t\t<\/div>[vc_column_text]<\/p>\n<h4 class=\"p1\"><span class=\"s1\">PRIVACY<b> POLICY<\/b><\/span><\/h4>\n<p class=\"p2\"><span class=\"s1\">In accordance with the French Data Protection Law of 6 January 1978 (as amended) and the EU General Data Protection Regulation of 27 April 2016 (the \u201cGDPR\u201d), we hereby inform you that Vivant Avocat is the sole recipient of the information and personal data submitted via this website, and such information and data shall not be transferred to persons outside the firm.<\/span><\/p>\n<p class=\"p2\"><span class=\"s1\">The personal data is collected for specific purposes, and the persons concerned (referred to as data subjects) are informed of those purposes. This data may not be subsequently used in a manner which is contrary to those purposes. This data is collected in a transparent manner; no data is collected covertly or without the data subjects having been informed that data is being collected.<\/span><\/p>\n<p class=\"p2\"><span class=\"s1\">The data requested is optional when such data is not necessary in order for us to respond to a request for information or services or, more generally, to perform an obligation.<br \/>\nDepending on the services you would like to request, you will be asked to provide certain information which may be mandatory and\/or optional. We undertake to respect your right to privacy and to protect the information you provide to us. We will only retain the information collected for as long as is necessary to process your requests and\/or to perform the services requested in accordance with the regulations in force.<\/span><\/p>\n<p class=\"p3\"><span class=\"s1\">These web pages contain information about Vivant Avocat\u2019s legal services in France. Nothing in these pages constitutes legal advice. If you need legal advice, please consult one of our lawyers. Vivant Avocat accepts no liability for any inaccuracies or omissions in this website. Any decisions based on information contained in this website are at the sole responsibility of the visitor.\u00a0<\/span><\/p>\n<h4 class=\"p2\"><span class=\"s1\">YOUR RIGHTS<\/span><\/h4>\n<p class=\"p2\"><span class=\"s1\">You have the right to access, rectify, obtain a copy of and transfer, and erase your personal data, to limit or oppose the processing of your personal data, and to state what you would like to happen to your personal data when you die. You may exercise these rights at any time by contacting us at the following addresses:<\/span><\/p>\n<p class=\"p2\"><span class=\"s1\">Vivant Avocat, 35\u00a0Avenue d\u2019Eylau,\u00a075016 Paris \u2013 France <\/span><\/p>\n<p class=\"p2\"><span class=\"s1\">Your data provided via this website is collected mainly for the following purposes:<\/span><\/p>\n<ul>\n<li class=\"p2\"><span class=\"s1\">managing recruitment of associates<\/span><\/li>\n<li class=\"p2\"><span class=\"s1\">managing applications for internships<\/span><\/li>\n<li class=\"p2\"><span class=\"s1\">information requests<\/span><\/li>\n<\/ul>\n<p class=\"p2\"><span class=\"s1\">For security reasons and to avoid any wrongful or fraudulent requests, all requests must be accompanied by a photocopy of signed identity papers, which will be used solely for the purposes of processing the request and will be deleted immediately after such processing has been completed.<br \/>\nThe information collected will not be disclosed to third parties, except in the case of established breach of legal or regulatory provisions, in which case this information may be disclosed if expressly requested by judicial authorities and they give the reasons for such request.<\/span><\/p>\n<p class=\"p2\"><span class=\"s1\">In view of changing laws and regulations, we will be regularly updating this privacy policy to ensure your data is protected.<\/span><\/p>\n<p>[\/vc_column_text]<div class=\"horizontal-line-container \" style=\"height:1px;margin-top:20px;margin-bottom:45px;text-align:center;\">\n\t\t\t\t\t\t<div class=\"horizontal-line\" style=\"width:100%;height:1px;background:rgba(255,255,255,0.5);\"><\/div>\n\t\t\t\t\t<\/div>[vc_column_text]<\/p>\n<h4>EDITOR<\/h4>\n<p class=\"p1\"><span class=\"s2\">The Editor of this WebSite is G\u00e9raldine Milanesi,<br \/>\n<\/span><span class=\"s2\">IKIGA\u00cf agency<\/span><span class=\"s3\">,<br \/>\n<\/span><span class=\"s4\">14, rue Chauveau Lagarde,<br \/>\n75008 Paris <\/span><\/p>\n<h4 class=\"p1\"><span class=\"s1\">WEB HOST<\/span><\/h4>\n<p class=\"p2\"><span class=\"s2\">The Website is hosted by <\/span><span class=\"s1\">Planet Work,<br \/>\n231, rue Saint-Honor\u00e9<br \/>\n75001 Paris<\/span><\/p>\n<h4 class=\"p4\"><span class=\"s1\">PHOTO CREDITS<\/span><\/h4>\n<p class=\"p2\"><span class=\"s1\">Anne-Charlotte Barnouin<\/span><\/p>\n<p>[\/vc_column_text]<\/div>\n\t\t\t\t\t<\/div>[\/vc_column][\/vc_row]<\/p>","protected":false},"excerpt":{"rendered":"<p>[vc_row][vc_column][\/vc_column][\/vc_row]<\/p>\n","protected":false},"author":1,"featured_media":0,"parent":0,"menu_order":0,"comment_status":"closed","ping_status":"closed","template":"page-full.php","meta":[],"yoast_head":"<!-- This site is optimized with the Yoast SEO plugin v16.8 - https:\/\/yoast.com\/wordpress\/plugins\/seo\/ -->\n<title>Legal notice - Vivant Avocats<\/title>\n<meta name=\"description\" content=\"Retrouvez dans cette page les mentions l\u00e9gales du site internet www.vivantavocats.com qui a pour objet de fournir des informations sur le cabinet Vivant Avocats.\" \/>\n<meta name=\"robots\" content=\"index, follow, max-snippet:-1, max-image-preview:large, max-video-preview:-1\" \/>\n<link rel=\"canonical\" href=\"https:\/\/www.vivantavocats.com\/en\/mentions-legales\/\" \/>\n<meta property=\"og:locale\" content=\"en_US\" \/>\n<meta property=\"og:type\" content=\"article\" \/>\n<meta property=\"og:title\" content=\"Mentions l\u00e9gales du site internet vivantavocats.com\" \/>\n<meta property=\"og:description\" content=\"Le site Internet www.vivantavocats.com a pour objet de fournir des informations sur le cabinet Vivant Avocats. En utilisant ce site, le visiteur reconna\u00eet avoir eu la possibilit\u00e9 de prendre connaissance des conditions g\u00e9n\u00e9rales.\" \/>\n<meta property=\"og:url\" content=\"https:\/\/www.vivantavocats.com\/en\/mentions-legales\/\" \/>\n<meta property=\"og:site_name\" content=\"Vivant Avocats\" \/>\n<meta property=\"article:modified_time\" content=\"2020-12-02T21:24:46+00:00\" \/>\n<meta name=\"twitter:card\" content=\"summary\" \/>\n<meta name=\"twitter:title\" content=\"Mentions l\u00e9gales du site internet vivantavocats.com\" \/>\n<meta name=\"twitter:description\" content=\"Le site Internet www.vivantavocats.com a pour objet de fournir des informations sur le cabinet Vivant Avocats. En utilisant ce site, le visiteur reconna\u00eet avoir eu la possibilit\u00e9 de prendre connaissance des conditions g\u00e9n\u00e9rales.\" \/>\n<meta name=\"twitter:label1\" content=\"Est. reading time\" \/>\n\t<meta name=\"twitter:data1\" content=\"7 minutes\" \/>\n<script type=\"application\/ld+json\" class=\"yoast-schema-graph\">{\"@context\":\"https:\/\/schema.org\",\"@graph\":[{\"@type\":\"Organization\",\"@id\":\"https:\/\/www.vivantavocats.com\/#organization\",\"name\":\"Vivant Avocats\",\"url\":\"https:\/\/www.vivantavocats.com\/\",\"sameAs\":[],\"logo\":{\"@type\":\"ImageObject\",\"@id\":\"https:\/\/www.vivantavocats.com\/#logo\",\"inLanguage\":\"en-US\",\"url\":\"https:\/\/www.vivantavocats.com\/wp-content\/uploads\/2020\/08\/logo-vivant.png\",\"contentUrl\":\"https:\/\/www.vivantavocats.com\/wp-content\/uploads\/2020\/08\/logo-vivant.png\",\"width\":392,\"height\":532,\"caption\":\"Vivant Avocats\"},\"image\":{\"@id\":\"https:\/\/www.vivantavocats.com\/#logo\"}},{\"@type\":\"WebSite\",\"@id\":\"https:\/\/www.vivantavocats.com\/#website\",\"url\":\"https:\/\/www.vivantavocats.com\/\",\"name\":\"Vivant Avocats\",\"description\":\"\",\"publisher\":{\"@id\":\"https:\/\/www.vivantavocats.com\/#organization\"},\"potentialAction\":[{\"@type\":\"SearchAction\",\"target\":{\"@type\":\"EntryPoint\",\"urlTemplate\":\"https:\/\/www.vivantavocats.com\/?s={search_term_string}\"},\"query-input\":\"required name=search_term_string\"}],\"inLanguage\":\"en-US\"},{\"@type\":\"WebPage\",\"@id\":\"https:\/\/www.vivantavocats.com\/en\/mentions-legales\/#webpage\",\"url\":\"https:\/\/www.vivantavocats.com\/en\/mentions-legales\/\",\"name\":\"Legal notice - Vivant Avocats\",\"isPartOf\":{\"@id\":\"https:\/\/www.vivantavocats.com\/#website\"},\"datePublished\":\"2020-09-29T12:54:10+00:00\",\"dateModified\":\"2020-12-02T21:24:46+00:00\",\"description\":\"Retrouvez dans cette page les mentions l\\u00e9gales du site internet www.vivantavocats.com qui a pour objet de fournir des informations sur le cabinet Vivant Avocats.\",\"breadcrumb\":{\"@id\":\"https:\/\/www.vivantavocats.com\/en\/mentions-legales\/#breadcrumb\"},\"inLanguage\":\"en-US\",\"potentialAction\":[{\"@type\":\"ReadAction\",\"target\":[\"https:\/\/www.vivantavocats.com\/en\/mentions-legales\/\"]}]},{\"@type\":\"BreadcrumbList\",\"@id\":\"https:\/\/www.vivantavocats.com\/en\/mentions-legales\/#breadcrumb\",\"itemListElement\":[{\"@type\":\"ListItem\",\"position\":1,\"name\":\"Accueil\",\"item\":\"https:\/\/www.vivantavocats.com\/\"},{\"@type\":\"ListItem\",\"position\":2,\"name\":\"Mentions l\\u00e9gales\"}]}]}<\/script>\n<!-- \/ Yoast SEO plugin. -->","yoast_head_json":{"title":"Legal notice - Vivant Avocats","description":"Retrouvez dans cette page les mentions l\u00e9gales du site internet www.vivantavocats.com qui a pour objet de fournir des informations sur le cabinet Vivant Avocats.","robots":{"index":"index","follow":"follow","max-snippet":"max-snippet:-1","max-image-preview":"max-image-preview:large","max-video-preview":"max-video-preview:-1"},"canonical":"https:\/\/www.vivantavocats.com\/en\/mentions-legales\/","og_locale":"en_US","og_type":"article","og_title":"Mentions l\u00e9gales du site internet vivantavocats.com","og_description":"Le site Internet www.vivantavocats.com a pour objet de fournir des informations sur le cabinet Vivant Avocats. En utilisant ce site, le visiteur reconna\u00eet avoir eu la possibilit\u00e9 de prendre connaissance des conditions g\u00e9n\u00e9rales.","og_url":"https:\/\/www.vivantavocats.com\/en\/mentions-legales\/","og_site_name":"Vivant Avocats","article_modified_time":"2020-12-02T21:24:46+00:00","twitter_card":"summary","twitter_title":"Mentions l\u00e9gales du site internet vivantavocats.com","twitter_description":"Le site Internet www.vivantavocats.com a pour objet de fournir des informations sur le cabinet Vivant Avocats. En utilisant ce site, le visiteur reconna\u00eet avoir eu la possibilit\u00e9 de prendre connaissance des conditions g\u00e9n\u00e9rales.","twitter_misc":{"Est. reading time":"7 minutes"},"schema":{"@context":"https:\/\/schema.org","@graph":[{"@type":"Organization","@id":"https:\/\/www.vivantavocats.com\/#organization","name":"Vivant Avocats","url":"https:\/\/www.vivantavocats.com\/","sameAs":[],"logo":{"@type":"ImageObject","@id":"https:\/\/www.vivantavocats.com\/#logo","inLanguage":"en-US","url":"https:\/\/www.vivantavocats.com\/wp-content\/uploads\/2020\/08\/logo-vivant.png","contentUrl":"https:\/\/www.vivantavocats.com\/wp-content\/uploads\/2020\/08\/logo-vivant.png","width":392,"height":532,"caption":"Vivant Avocats"},"image":{"@id":"https:\/\/www.vivantavocats.com\/#logo"}},{"@type":"WebSite","@id":"https:\/\/www.vivantavocats.com\/#website","url":"https:\/\/www.vivantavocats.com\/","name":"Vivant Avocats","description":"","publisher":{"@id":"https:\/\/www.vivantavocats.com\/#organization"},"potentialAction":[{"@type":"SearchAction","target":{"@type":"EntryPoint","urlTemplate":"https:\/\/www.vivantavocats.com\/?s={search_term_string}"},"query-input":"required name=search_term_string"}],"inLanguage":"en-US"},{"@type":"WebPage","@id":"https:\/\/www.vivantavocats.com\/en\/mentions-legales\/#webpage","url":"https:\/\/www.vivantavocats.com\/en\/mentions-legales\/","name":"Legal notice - Vivant Avocats","isPartOf":{"@id":"https:\/\/www.vivantavocats.com\/#website"},"datePublished":"2020-09-29T12:54:10+00:00","dateModified":"2020-12-02T21:24:46+00:00","description":"Retrouvez dans cette page les mentions l\u00e9gales du site internet www.vivantavocats.com qui a pour objet de fournir des informations sur le cabinet Vivant Avocats.","breadcrumb":{"@id":"https:\/\/www.vivantavocats.com\/en\/mentions-legales\/#breadcrumb"},"inLanguage":"en-US","potentialAction":[{"@type":"ReadAction","target":["https:\/\/www.vivantavocats.com\/en\/mentions-legales\/"]}]},{"@type":"BreadcrumbList","@id":"https:\/\/www.vivantavocats.com\/en\/mentions-legales\/#breadcrumb","itemListElement":[{"@type":"ListItem","position":1,"name":"Accueil","item":"https:\/\/www.vivantavocats.com\/"},{"@type":"ListItem","position":2,"name":"Mentions l\u00e9gales"}]}]}},"_links":{"self":[{"href":"https:\/\/www.vivantavocats.com\/en\/wp-json\/wp\/v2\/pages\/189"}],"collection":[{"href":"https:\/\/www.vivantavocats.com\/en\/wp-json\/wp\/v2\/pages"}],"about":[{"href":"https:\/\/www.vivantavocats.com\/en\/wp-json\/wp\/v2\/types\/page"}],"author":[{"embeddable":true,"href":"https:\/\/www.vivantavocats.com\/en\/wp-json\/wp\/v2\/users\/1"}],"replies":[{"embeddable":true,"href":"https:\/\/www.vivantavocats.com\/en\/wp-json\/wp\/v2\/comments?post=189"}],"version-history":[{"count":18,"href":"https:\/\/www.vivantavocats.com\/en\/wp-json\/wp\/v2\/pages\/189\/revisions"}],"predecessor-version":[{"id":430,"href":"https:\/\/www.vivantavocats.com\/en\/wp-json\/wp\/v2\/pages\/189\/revisions\/430"}],"wp:attachment":[{"href":"https:\/\/www.vivantavocats.com\/en\/wp-json\/wp\/v2\/media?parent=189"}],"curies":[{"name":"wp","href":"https:\/\/api.w.org\/{rel}","templated":true}]}}