{"id":240,"date":"2020-10-12T11:38:23","date_gmt":"2020-10-12T09:38:23","guid":{"rendered":"https:\/\/www.vivantavocats.com\/?page_id=240"},"modified":"2022-11-08T14:18:14","modified_gmt":"2022-11-08T13:18:14","slug":"savoir-faire","status":"publish","type":"page","link":"https:\/\/www.vivantavocats.com\/en\/savoir-faire\/","title":{"rendered":"Knowhow"},"content":{"rendered":"<p>[vc_row full_height=&#8221;yes&#8221; content_placement=&#8221;middle&#8221;][vc_column][vc_raw_html el_class=&#8221;savoir-faire&#8221;]JTNDYSUyMGNsYXNzJTNEJTIyc2Ytb3B0JTIwc2Ytb3B0MSUyMiUyMGhyZWYlM0QlMjIlMkZleHBlcnRpc2VzJTIyJTIwJTNFRXhwZXJ0aXNlJTNDJTJGYSUzRSUzQ3NwYW4lMjBjbGFzcyUzRCUyMm9ibGlxdWUlMjIlM0UlM0MlMkZzcGFuJTNFJTNDYSUyMGNsYXNzJTNEJTIyc2Ytb3B0JTIwc2Ytb3B0MiUyMHNmLW9wdDItZW4lMjIlMjBocmVmJTNEJTIyJTJGc29jaWFsLWRlY2xvaXNvbm5lJTIyJTIwJTNFJTNDZGl2JTNFQ3Jvc3MtY3V0dGluZyUzQyUyRmRpdiUzRSUzQ2RpdiUzRWVtcGxveW1lbnQlMjBsYXclMjBzZXJ2aWNlcyUzQyUyRmRpdiUzRSUzQyUyRmElM0U=[\/vc_raw_html][\/vc_column][\/vc_row]<\/p>","protected":false},"excerpt":{"rendered":"<p>[vc_row full_height=&#8221;yes&#8221; content_placement=&#8221;middle&#8221;][vc_column][vc_raw_html el_class=&#8221;savoir-faire&#8221;]JTNDYSUyMGNsYXNzJTNEJTIyc2Ytb3B0JTIwc2Ytb3B0MSUyMiUyMGhyZWYlM0QlMjIlMkZleHBlcnRpc2VzJTIyJTIwJTNFRXhwZXJ0aXNlJTNDJTJGYSUzRSUzQ3NwYW4lMjBjbGFzcyUzRCUyMm9ibGlxdWUlMjIlM0UlM0MlMkZzcGFuJTNFJTNDYSUyMGNsYXNzJTNEJTIyc2Ytb3B0JTIwc2Ytb3B0MiUyMHNmLW9wdDItZW4lMjIlMjBocmVmJTNEJTIyJTJGc29jaWFsLWRlY2xvaXNvbm5lJTIyJTIwJTNFJTNDZGl2JTNFQ3Jvc3MtY3V0dGluZyUzQyUyRmRpdiUzRSUzQ2RpdiUzRWVtcGxveW1lbnQlMjBsYXclMjBzZXJ2aWNlcyUzQyUyRmRpdiUzRSUzQyUyRmElM0U=[\/vc_raw_html][\/vc_column][\/vc_row]<\/p>\n","protected":false},"author":1,"featured_media":0,"parent":0,"menu_order":0,"comment_status":"closed","ping_status":"closed","template":"page-full.php","meta":[],"yoast_head":"<!-- This site is optimized with the Yoast SEO plugin v16.8 - https:\/\/yoast.com\/wordpress\/plugins\/seo\/ -->\n<title>(Fran\u00e7ais) Vivant Avocats - Savoir-faire<\/title>\n<meta name=\"description\" content=\"(Fran\u00e7ais) Le savoir-faire du cabinet Vivant Avocats se compose d&#039;expertises pointues et compl\u00e9mentaires ainsi que le social d\u00e9cloisonn\u00e9.\" \/>\n<meta name=\"robots\" content=\"index, follow, max-snippet:-1, max-image-preview:large, max-video-preview:-1\" \/>\n<link rel=\"canonical\" href=\"https:\/\/www.vivantavocats.com\/en\/savoir-faire\/\" \/>\n<meta property=\"og:locale\" content=\"en_US\" \/>\n<meta property=\"og:type\" content=\"article\" \/>\n<meta property=\"og:title\" content=\"{:fr}Savoir-faire du cabinet Vivant Avocats{:}\" \/>\n<meta property=\"og:description\" content=\"{:fr}Le savoir-faire du cabinet Vivant Avocats se compose d&#039;expertises pointues et compl\u00e9mentaires ainsi que du social d\u00e9cloisonn\u00e9. {:}\" \/>\n<meta property=\"og:url\" content=\"https:\/\/www.vivantavocats.com\/en\/savoir-faire\/\" \/>\n<meta property=\"og:site_name\" content=\"Vivant Avocats\" \/>\n<meta property=\"article:modified_time\" content=\"2022-11-08T13:18:14+00:00\" \/>\n<meta name=\"twitter:card\" content=\"summary\" \/>\n<meta name=\"twitter:title\" content=\"{:fr}Savoir-faire du cabinet Vivant Avocats{:}\" \/>\n<meta name=\"twitter:description\" content=\"{:fr}Le savoir-faire du cabinet Vivant Avocats se compose d&#039;expertises pointues et compl\u00e9mentaires ainsi que du social d\u00e9cloisonn\u00e9. {:}\" \/>\n<meta name=\"twitter:label1\" content=\"Est. reading time\" \/>\n\t<meta name=\"twitter:data1\" content=\"1 minute\" \/>\n<script type=\"application\/ld+json\" class=\"yoast-schema-graph\">{\"@context\":\"https:\/\/schema.org\",\"@graph\":[{\"@type\":\"Organization\",\"@id\":\"https:\/\/www.vivantavocats.com\/#organization\",\"name\":\"Vivant Avocats\",\"url\":\"https:\/\/www.vivantavocats.com\/\",\"sameAs\":[],\"logo\":{\"@type\":\"ImageObject\",\"@id\":\"https:\/\/www.vivantavocats.com\/#logo\",\"inLanguage\":\"en-US\",\"url\":\"https:\/\/www.vivantavocats.com\/wp-content\/uploads\/2020\/08\/logo-vivant.png\",\"contentUrl\":\"https:\/\/www.vivantavocats.com\/wp-content\/uploads\/2020\/08\/logo-vivant.png\",\"width\":392,\"height\":532,\"caption\":\"Vivant Avocats\"},\"image\":{\"@id\":\"https:\/\/www.vivantavocats.com\/#logo\"}},{\"@type\":\"WebSite\",\"@id\":\"https:\/\/www.vivantavocats.com\/#website\",\"url\":\"https:\/\/www.vivantavocats.com\/\",\"name\":\"Vivant Avocats\",\"description\":\"\",\"publisher\":{\"@id\":\"https:\/\/www.vivantavocats.com\/#organization\"},\"potentialAction\":[{\"@type\":\"SearchAction\",\"target\":{\"@type\":\"EntryPoint\",\"urlTemplate\":\"https:\/\/www.vivantavocats.com\/?s={search_term_string}\"},\"query-input\":\"required name=search_term_string\"}],\"inLanguage\":\"en-US\"},{\"@type\":\"WebPage\",\"@id\":\"https:\/\/www.vivantavocats.com\/en\/savoir-faire\/#webpage\",\"url\":\"https:\/\/www.vivantavocats.com\/en\/savoir-faire\/\",\"name\":\"{:fr}Vivant Avocats - Savoir-faire{:}\",\"isPartOf\":{\"@id\":\"https:\/\/www.vivantavocats.com\/#website\"},\"datePublished\":\"2020-10-12T09:38:23+00:00\",\"dateModified\":\"2022-11-08T13:18:14+00:00\",\"description\":\"{:fr}Le savoir-faire du cabinet Vivant Avocats se compose d'expertises pointues et compl\\u00e9mentaires ainsi que le social d\\u00e9cloisonn\\u00e9. {:}\",\"breadcrumb\":{\"@id\":\"https:\/\/www.vivantavocats.com\/en\/savoir-faire\/#breadcrumb\"},\"inLanguage\":\"en-US\",\"potentialAction\":[{\"@type\":\"ReadAction\",\"target\":[\"https:\/\/www.vivantavocats.com\/en\/savoir-faire\/\"]}]},{\"@type\":\"BreadcrumbList\",\"@id\":\"https:\/\/www.vivantavocats.com\/en\/savoir-faire\/#breadcrumb\",\"itemListElement\":[{\"@type\":\"ListItem\",\"position\":1,\"name\":\"Accueil\",\"item\":\"https:\/\/www.vivantavocats.com\/\"},{\"@type\":\"ListItem\",\"position\":2,\"name\":\"Savoir-faire\"}]}]}<\/script>\n<!-- \/ Yoast SEO plugin. -->","yoast_head_json":{"title":"(Fran\u00e7ais) Vivant Avocats - Savoir-faire","description":"(Fran\u00e7ais) Le savoir-faire du cabinet Vivant Avocats se compose d'expertises pointues et compl\u00e9mentaires ainsi que le social d\u00e9cloisonn\u00e9.","robots":{"index":"index","follow":"follow","max-snippet":"max-snippet:-1","max-image-preview":"max-image-preview:large","max-video-preview":"max-video-preview:-1"},"canonical":"https:\/\/www.vivantavocats.com\/en\/savoir-faire\/","og_locale":"en_US","og_type":"article","og_title":"{:fr}Savoir-faire du cabinet Vivant Avocats{:}","og_description":"{:fr}Le savoir-faire du cabinet Vivant Avocats se compose d'expertises pointues et compl\u00e9mentaires ainsi que du social d\u00e9cloisonn\u00e9. {:}","og_url":"https:\/\/www.vivantavocats.com\/en\/savoir-faire\/","og_site_name":"Vivant Avocats","article_modified_time":"2022-11-08T13:18:14+00:00","twitter_card":"summary","twitter_title":"{:fr}Savoir-faire du cabinet Vivant Avocats{:}","twitter_description":"{:fr}Le savoir-faire du cabinet Vivant Avocats se compose d'expertises pointues et compl\u00e9mentaires ainsi que du social d\u00e9cloisonn\u00e9. {:}","twitter_misc":{"Est. reading time":"1 minute"},"schema":{"@context":"https:\/\/schema.org","@graph":[{"@type":"Organization","@id":"https:\/\/www.vivantavocats.com\/#organization","name":"Vivant Avocats","url":"https:\/\/www.vivantavocats.com\/","sameAs":[],"logo":{"@type":"ImageObject","@id":"https:\/\/www.vivantavocats.com\/#logo","inLanguage":"en-US","url":"https:\/\/www.vivantavocats.com\/wp-content\/uploads\/2020\/08\/logo-vivant.png","contentUrl":"https:\/\/www.vivantavocats.com\/wp-content\/uploads\/2020\/08\/logo-vivant.png","width":392,"height":532,"caption":"Vivant Avocats"},"image":{"@id":"https:\/\/www.vivantavocats.com\/#logo"}},{"@type":"WebSite","@id":"https:\/\/www.vivantavocats.com\/#website","url":"https:\/\/www.vivantavocats.com\/","name":"Vivant Avocats","description":"","publisher":{"@id":"https:\/\/www.vivantavocats.com\/#organization"},"potentialAction":[{"@type":"SearchAction","target":{"@type":"EntryPoint","urlTemplate":"https:\/\/www.vivantavocats.com\/?s={search_term_string}"},"query-input":"required name=search_term_string"}],"inLanguage":"en-US"},{"@type":"WebPage","@id":"https:\/\/www.vivantavocats.com\/en\/savoir-faire\/#webpage","url":"https:\/\/www.vivantavocats.com\/en\/savoir-faire\/","name":"{:fr}Vivant Avocats - Savoir-faire{:}","isPartOf":{"@id":"https:\/\/www.vivantavocats.com\/#website"},"datePublished":"2020-10-12T09:38:23+00:00","dateModified":"2022-11-08T13:18:14+00:00","description":"{:fr}Le savoir-faire du cabinet Vivant Avocats se compose d'expertises pointues et compl\u00e9mentaires ainsi que le social d\u00e9cloisonn\u00e9. {:}","breadcrumb":{"@id":"https:\/\/www.vivantavocats.com\/en\/savoir-faire\/#breadcrumb"},"inLanguage":"en-US","potentialAction":[{"@type":"ReadAction","target":["https:\/\/www.vivantavocats.com\/en\/savoir-faire\/"]}]},{"@type":"BreadcrumbList","@id":"https:\/\/www.vivantavocats.com\/en\/savoir-faire\/#breadcrumb","itemListElement":[{"@type":"ListItem","position":1,"name":"Accueil","item":"https:\/\/www.vivantavocats.com\/"},{"@type":"ListItem","position":2,"name":"Savoir-faire"}]}]}},"_links":{"self":[{"href":"https:\/\/www.vivantavocats.com\/en\/wp-json\/wp\/v2\/pages\/240"}],"collection":[{"href":"https:\/\/www.vivantavocats.com\/en\/wp-json\/wp\/v2\/pages"}],"about":[{"href":"https:\/\/www.vivantavocats.com\/en\/wp-json\/wp\/v2\/types\/page"}],"author":[{"embeddable":true,"href":"https:\/\/www.vivantavocats.com\/en\/wp-json\/wp\/v2\/users\/1"}],"replies":[{"embeddable":true,"href":"https:\/\/www.vivantavocats.com\/en\/wp-json\/wp\/v2\/comments?post=240"}],"version-history":[{"count":14,"href":"https:\/\/www.vivantavocats.com\/en\/wp-json\/wp\/v2\/pages\/240\/revisions"}],"predecessor-version":[{"id":399,"href":"https:\/\/www.vivantavocats.com\/en\/wp-json\/wp\/v2\/pages\/240\/revisions\/399"}],"wp:attachment":[{"href":"https:\/\/www.vivantavocats.com\/en\/wp-json\/wp\/v2\/media?parent=240"}],"curies":[{"name":"wp","href":"https:\/\/api.w.org\/{rel}","templated":true}]}}