{"id":40,"date":"2020-08-05T15:23:13","date_gmt":"2020-08-05T13:23:13","guid":{"rendered":"https:\/\/www.vivantavocats.com\/?page_id=40"},"modified":"2022-11-08T14:15:25","modified_gmt":"2022-11-08T13:15:25","slug":"identite","status":"publish","type":"page","link":"https:\/\/www.vivantavocats.com\/en\/identite\/","title":{"rendered":"About us"},"content":{"rendered":"<p>[vc_row][vc_column]<div class=\"limited-box-container presentation-box\" style=\"margin-top:8vh;margin-bottom:0px;margin-left:0px;margin-right:0px;text-align:center;width:calc(100%)\">\n\t\t\t\t\t\t<div class=\"limited-box\" style=\"max-width:47em;color:inherit!important;\">[vc_column_text el_class=&#8221;presentation-text motion item-appear-top delayed-500 normalp-text&#8221;]<\/p>\n<p class=\"p1\"><span class=\"s1\"><b>Vivant Avocats <\/b>is an employment law firm. For thirty years now, we intervene in strategy and consultancy for the social aspects of company restructuring and transformation. <\/span><\/p>\n<p class=\"p1\"><span class=\"s1\">The combination of our pragmatic approach and our extensive knowledge of companies, employment law, and employer-employee relations has resulted in a creative practice, often directly involved in company negotiations. Our team includes former judges and magistrates from the French Court of Cassation\u2019s employment chamber, thus ensuring our firm\u2019s technical excellence and establishing our legitimacy, recognised by trade unions and the legal system alike. <\/span><\/p>\n<p class=\"p1\"><span class=\"s1\">We\u2019re highly familiar with the business world; our firm understands the issues and is able to make its voice heard in high-risk litigation. <\/span><\/p>\n<p class=\"p1\"><span class=\"s1\">Vivant Avocats is also the embodiment of a vision: providing an innovative service that encompasses every aspect of employment law, enabling us to provide our clients with a full-service offering delivered by \u2018task forces\u2019 made up of professional business experts that we coordinate as a team. We\u2019re also the founders of the Alliance Transformation France network, with partners in the fields of crisis management, quality of employment relations, training, CSR, institutional relations, HR management, human resource redeployment support, and compensation strategy \u2013 a rich tapestry of creative sources.<\/span><\/p>\n<p>[\/vc_column_text]<\/div>\n\t\t\t\t\t<\/div>[\/vc_column][\/vc_row]<\/p>","protected":false},"excerpt":{"rendered":"<p>[vc_row][vc_column][\/vc_column][\/vc_row]<\/p>\n","protected":false},"author":1,"featured_media":0,"parent":0,"menu_order":0,"comment_status":"closed","ping_status":"closed","template":"page-full.php","meta":[],"yoast_head":"<!-- This site is optimized with the Yoast SEO plugin v16.8 - https:\/\/yoast.com\/wordpress\/plugins\/seo\/ -->\n<title>(Fran\u00e7ais) Vivant Avocats - Identit\u00e9<\/title>\n<meta name=\"description\" content=\"(Fran\u00e7ais) Vivant Avocats est un cabinet d\u2019avocats en droit social, qui intervient depuis 30 ans dans la strat\u00e9gie et l\u2019ing\u00e9nierie des aspects sociaux des projets de r\u00e9organisation et de transformation des entreprises.\" \/>\n<meta name=\"robots\" content=\"index, follow, max-snippet:-1, max-image-preview:large, max-video-preview:-1\" \/>\n<link rel=\"canonical\" href=\"https:\/\/www.vivantavocats.com\/en\/identite\/\" \/>\n<meta property=\"og:locale\" content=\"en_US\" \/>\n<meta property=\"og:type\" content=\"article\" \/>\n<meta property=\"og:title\" content=\"{:fr}Identit\u00e9 du cabinet Vivant Avocats{:}\" \/>\n<meta property=\"og:description\" content=\"{:fr}Vivant Avocats est un cabinet d\u2019avocats en droit social, qui intervient depuis 30 ans dans la strat\u00e9gie et l\u2019ing\u00e9nierie des aspects sociaux des projets de r\u00e9organisation et de transformation des entreprises.{:}\" \/>\n<meta property=\"og:url\" content=\"https:\/\/www.vivantavocats.com\/en\/identite\/\" \/>\n<meta property=\"og:site_name\" content=\"Vivant Avocats\" \/>\n<meta property=\"article:modified_time\" content=\"2022-11-08T13:15:25+00:00\" \/>\n<meta name=\"twitter:card\" content=\"summary\" \/>\n<meta name=\"twitter:title\" content=\"{:fr}Identit\u00e9 du cabinet Vivant Avocats{:}\" \/>\n<meta name=\"twitter:description\" content=\"{:fr}Vivant Avocats est un cabinet d\u2019avocats en droit social, qui intervient depuis 30 ans dans la strat\u00e9gie et l\u2019ing\u00e9nierie des aspects sociaux des projets de r\u00e9organisation et de transformation des entreprises.{:}\" \/>\n<meta name=\"twitter:label1\" content=\"Est. reading time\" \/>\n\t<meta name=\"twitter:data1\" content=\"3 minutes\" \/>\n<script type=\"application\/ld+json\" class=\"yoast-schema-graph\">{\"@context\":\"https:\/\/schema.org\",\"@graph\":[{\"@type\":\"Organization\",\"@id\":\"https:\/\/www.vivantavocats.com\/#organization\",\"name\":\"Vivant Avocats\",\"url\":\"https:\/\/www.vivantavocats.com\/\",\"sameAs\":[],\"logo\":{\"@type\":\"ImageObject\",\"@id\":\"https:\/\/www.vivantavocats.com\/#logo\",\"inLanguage\":\"en-US\",\"url\":\"https:\/\/www.vivantavocats.com\/wp-content\/uploads\/2020\/08\/logo-vivant.png\",\"contentUrl\":\"https:\/\/www.vivantavocats.com\/wp-content\/uploads\/2020\/08\/logo-vivant.png\",\"width\":392,\"height\":532,\"caption\":\"Vivant Avocats\"},\"image\":{\"@id\":\"https:\/\/www.vivantavocats.com\/#logo\"}},{\"@type\":\"WebSite\",\"@id\":\"https:\/\/www.vivantavocats.com\/#website\",\"url\":\"https:\/\/www.vivantavocats.com\/\",\"name\":\"Vivant Avocats\",\"description\":\"\",\"publisher\":{\"@id\":\"https:\/\/www.vivantavocats.com\/#organization\"},\"potentialAction\":[{\"@type\":\"SearchAction\",\"target\":{\"@type\":\"EntryPoint\",\"urlTemplate\":\"https:\/\/www.vivantavocats.com\/?s={search_term_string}\"},\"query-input\":\"required name=search_term_string\"}],\"inLanguage\":\"en-US\"},{\"@type\":\"WebPage\",\"@id\":\"https:\/\/www.vivantavocats.com\/en\/identite\/#webpage\",\"url\":\"https:\/\/www.vivantavocats.com\/en\/identite\/\",\"name\":\"{:fr}Vivant Avocats - Identit\\u00e9{:}\",\"isPartOf\":{\"@id\":\"https:\/\/www.vivantavocats.com\/#website\"},\"datePublished\":\"2020-08-05T13:23:13+00:00\",\"dateModified\":\"2022-11-08T13:15:25+00:00\",\"description\":\"{:fr}Vivant Avocats est un cabinet d\\u2019avocats en droit social, qui intervient depuis 30 ans dans la strat\\u00e9gie et l\\u2019ing\\u00e9nierie des aspects sociaux des projets de r\\u00e9organisation et de transformation des entreprises.{:}\",\"breadcrumb\":{\"@id\":\"https:\/\/www.vivantavocats.com\/en\/identite\/#breadcrumb\"},\"inLanguage\":\"en-US\",\"potentialAction\":[{\"@type\":\"ReadAction\",\"target\":[\"https:\/\/www.vivantavocats.com\/en\/identite\/\"]}]},{\"@type\":\"BreadcrumbList\",\"@id\":\"https:\/\/www.vivantavocats.com\/en\/identite\/#breadcrumb\",\"itemListElement\":[{\"@type\":\"ListItem\",\"position\":1,\"name\":\"Accueil\",\"item\":\"https:\/\/www.vivantavocats.com\/\"},{\"@type\":\"ListItem\",\"position\":2,\"name\":\"Identit\\u00e9\"}]}]}<\/script>\n<!-- \/ Yoast SEO plugin. -->","yoast_head_json":{"title":"(Fran\u00e7ais) Vivant Avocats - Identit\u00e9","description":"(Fran\u00e7ais) Vivant Avocats est un cabinet d\u2019avocats en droit social, qui intervient depuis 30 ans dans la strat\u00e9gie et l\u2019ing\u00e9nierie des aspects sociaux des projets de r\u00e9organisation et de transformation des entreprises.","robots":{"index":"index","follow":"follow","max-snippet":"max-snippet:-1","max-image-preview":"max-image-preview:large","max-video-preview":"max-video-preview:-1"},"canonical":"https:\/\/www.vivantavocats.com\/en\/identite\/","og_locale":"en_US","og_type":"article","og_title":"{:fr}Identit\u00e9 du cabinet Vivant Avocats{:}","og_description":"{:fr}Vivant Avocats est un cabinet d\u2019avocats en droit social, qui intervient depuis 30 ans dans la strat\u00e9gie et l\u2019ing\u00e9nierie des aspects sociaux des projets de r\u00e9organisation et de transformation des entreprises.{:}","og_url":"https:\/\/www.vivantavocats.com\/en\/identite\/","og_site_name":"Vivant Avocats","article_modified_time":"2022-11-08T13:15:25+00:00","twitter_card":"summary","twitter_title":"{:fr}Identit\u00e9 du cabinet Vivant Avocats{:}","twitter_description":"{:fr}Vivant Avocats est un cabinet d\u2019avocats en droit social, qui intervient depuis 30 ans dans la strat\u00e9gie et l\u2019ing\u00e9nierie des aspects sociaux des projets de r\u00e9organisation et de transformation des entreprises.{:}","twitter_misc":{"Est. reading time":"3 minutes"},"schema":{"@context":"https:\/\/schema.org","@graph":[{"@type":"Organization","@id":"https:\/\/www.vivantavocats.com\/#organization","name":"Vivant Avocats","url":"https:\/\/www.vivantavocats.com\/","sameAs":[],"logo":{"@type":"ImageObject","@id":"https:\/\/www.vivantavocats.com\/#logo","inLanguage":"en-US","url":"https:\/\/www.vivantavocats.com\/wp-content\/uploads\/2020\/08\/logo-vivant.png","contentUrl":"https:\/\/www.vivantavocats.com\/wp-content\/uploads\/2020\/08\/logo-vivant.png","width":392,"height":532,"caption":"Vivant Avocats"},"image":{"@id":"https:\/\/www.vivantavocats.com\/#logo"}},{"@type":"WebSite","@id":"https:\/\/www.vivantavocats.com\/#website","url":"https:\/\/www.vivantavocats.com\/","name":"Vivant Avocats","description":"","publisher":{"@id":"https:\/\/www.vivantavocats.com\/#organization"},"potentialAction":[{"@type":"SearchAction","target":{"@type":"EntryPoint","urlTemplate":"https:\/\/www.vivantavocats.com\/?s={search_term_string}"},"query-input":"required name=search_term_string"}],"inLanguage":"en-US"},{"@type":"WebPage","@id":"https:\/\/www.vivantavocats.com\/en\/identite\/#webpage","url":"https:\/\/www.vivantavocats.com\/en\/identite\/","name":"{:fr}Vivant Avocats - Identit\u00e9{:}","isPartOf":{"@id":"https:\/\/www.vivantavocats.com\/#website"},"datePublished":"2020-08-05T13:23:13+00:00","dateModified":"2022-11-08T13:15:25+00:00","description":"{:fr}Vivant Avocats est un cabinet d\u2019avocats en droit social, qui intervient depuis 30 ans dans la strat\u00e9gie et l\u2019ing\u00e9nierie des aspects sociaux des projets de r\u00e9organisation et de transformation des entreprises.{:}","breadcrumb":{"@id":"https:\/\/www.vivantavocats.com\/en\/identite\/#breadcrumb"},"inLanguage":"en-US","potentialAction":[{"@type":"ReadAction","target":["https:\/\/www.vivantavocats.com\/en\/identite\/"]}]},{"@type":"BreadcrumbList","@id":"https:\/\/www.vivantavocats.com\/en\/identite\/#breadcrumb","itemListElement":[{"@type":"ListItem","position":1,"name":"Accueil","item":"https:\/\/www.vivantavocats.com\/"},{"@type":"ListItem","position":2,"name":"Identit\u00e9"}]}]}},"_links":{"self":[{"href":"https:\/\/www.vivantavocats.com\/en\/wp-json\/wp\/v2\/pages\/40"}],"collection":[{"href":"https:\/\/www.vivantavocats.com\/en\/wp-json\/wp\/v2\/pages"}],"about":[{"href":"https:\/\/www.vivantavocats.com\/en\/wp-json\/wp\/v2\/types\/page"}],"author":[{"embeddable":true,"href":"https:\/\/www.vivantavocats.com\/en\/wp-json\/wp\/v2\/users\/1"}],"replies":[{"embeddable":true,"href":"https:\/\/www.vivantavocats.com\/en\/wp-json\/wp\/v2\/comments?post=40"}],"version-history":[{"count":32,"href":"https:\/\/www.vivantavocats.com\/en\/wp-json\/wp\/v2\/pages\/40\/revisions"}],"predecessor-version":[{"id":428,"href":"https:\/\/www.vivantavocats.com\/en\/wp-json\/wp\/v2\/pages\/40\/revisions\/428"}],"wp:attachment":[{"href":"https:\/\/www.vivantavocats.com\/en\/wp-json\/wp\/v2\/media?parent=40"}],"curies":[{"name":"wp","href":"https:\/\/api.w.org\/{rel}","templated":true}]}}