{"id":44,"date":"2020-08-05T15:23:35","date_gmt":"2020-08-05T13:23:35","guid":{"rendered":"https:\/\/www.vivantavocats.com\/?page_id=44"},"modified":"2020-12-02T22:29:12","modified_gmt":"2020-12-02T21:29:12","slug":"expertises","status":"publish","type":"page","link":"https:\/\/www.vivantavocats.com\/en\/expertises\/","title":{"rendered":"Expertises"},"content":{"rendered":"<p>[vc_row full_height=&#8221;yes&#8221; columns_placement=&#8221;top&#8221;][vc_column]\n        \n        \n    \n        \n    \n        \n    \n        \n    \n        \n    \n        \n    <div class=\"expertises-mask\"><\/div>\n    <div class=\"expertise-items\">\n        <div class=\"expertise-title-items\">\n        \n            <div class=\"expertise-title-item\" expertise-id=\"124\">\n                Company restructuring, social relations strategy and consultancy            <\/div>\n\n        \n            <div class=\"expertise-title-item\" expertise-id=\"123\">\n                Employment relations and collective bargaining            <\/div>\n\n        \n            <div class=\"expertise-title-item\" expertise-id=\"122\">\n                Managing the social aspects of corporate transactions            <\/div>\n\n        \n            <div class=\"expertise-title-item\" expertise-id=\"121\">\n                Compensation; employee shareholding and savings schemes            <\/div>\n\n        \n            <div class=\"expertise-title-item\" expertise-id=\"120\">\n                Social security            <\/div>\n\n        \n            <div class=\"expertise-title-item\" expertise-id=\"119\">\n                Employment relations litigation            <\/div>\n\n                <\/div>\n\n        <div class=\"expertise-title-items-responsive\">\n            <select name=\"\" id=\"expertise-title-items-select\">\n                <option value=\"\">\n\t\t            S\u00e9l\u00e9ctionnez un th\u00e8me\n                <\/option>\n\t\t    \n                <option value=\"124\">\n\t\t\t\t    Company restructuring, social relations strategy and consultancy                <\/option>\n\n\t\t\t    \n                <option value=\"123\">\n\t\t\t\t    Employment relations and collective bargaining                <\/option>\n\n\t\t\t    \n                <option value=\"122\">\n\t\t\t\t    Managing the social aspects of corporate transactions                <\/option>\n\n\t\t\t    \n                <option value=\"121\">\n\t\t\t\t    Compensation; employee shareholding and savings schemes                <\/option>\n\n\t\t\t    \n                <option value=\"120\">\n\t\t\t\t    Social security                <\/option>\n\n\t\t\t    \n                <option value=\"119\">\n\t\t\t\t    Employment relations litigation                <\/option>\n\n\t\t\t                <\/select>\n        <\/div>\n\n        <div class=\"expertise-content-items\">\n            \n                <div class=\"expertise-content-item\" expertise-id=\"124\">\n                    <div class=\"expertise-content-intro\"><p>Vivant Avocats supports companies as they prepare and manage reorganisations, including workforce-related aspects. We challenge project goals and rationale, putting forward innovative, alternative solutions in which redundancies are only a last resort.<\/p>\n<\/div>\n                    <div class=\"expertise-content-text\"><p>Our services, from strategic input through to project implementation:<\/p>\n<ul>\n<li>Employment law consultancy and risk assessment<\/li>\n<li>Legal structuring of projects<\/li>\n<li>Drafting documentation<\/li>\n<li>Developing arguments<\/li>\n<li>Managing employment relations and collective bargaining<\/li>\n<li>Handling relations with the authorities<\/li>\n<li>Crisis management, from PR to handling collective disputes<\/li>\n<li>Drafting documents for court proceedings<\/li>\n<li>Handling collective and individual litigation<\/li>\n<\/ul>\n<p>Our ethos focuses on good-quality employment relations, social dialogue, balance, information-sharing, supportiveness, and risk prevention.<\/p>\n<\/div>\n                <\/div>\n\n            \n                <div class=\"expertise-content-item\" expertise-id=\"123\">\n                    <div class=\"expertise-content-intro\"><p><strong>No negotiations and no flexibility mean no room for manoeuvre. Collective bargaining plays a key role in companies\u2019 management, organisation, and performance. At Vivant Avocats, we see collective bargaining as offering plenty of scope for innovation, creativity, and quality employment relations at all levels: in national, branch, group, and company-wide agreements; in the interaction between these levels; and in how they mesh with mandatory requirements and other aspects.<\/strong><\/p>\n<\/div>\n                    <div class=\"expertise-content-text\"><p>Our services :<\/p>\n<ul class=\"ul1\">\n<li>Defining negotiating frameworks<\/li>\n<li>Defining the scope and topics for negotiations :\n<ul class=\"ul1\">\n<li>Working time<\/li>\n<li>Vocational training<\/li>\n<li>Strategic workforce planning<\/li>\n<li>Handling collective disputes, etc.<\/li>\n<\/ul>\n<\/li>\n<li>Negotiation strategy<\/li>\n<li>Drafting agreements<\/li>\n<li>Taking part in negotiations<\/li>\n<li class=\"li1\"><span class=\"s1\">Gestion des aspects juridiques des relations et du dialogue social\u00a0<\/span><\/li>\n<li>Managing the legal aspects of employment relations and social dialogue <span class=\"s1\">:<\/span>\n<ul class=\"ul1\">\n<li>Procedures for staff representative bodies<\/li>\n<li>Trade union law<\/li>\n<\/ul>\n<\/li>\n<li>Dealing with labour-related disputes (elections, negotiations, agreements)<\/li>\n<\/ul>\n<\/div>\n                <\/div>\n\n            \n                <div class=\"expertise-content-item\" expertise-id=\"122\">\n                    <div class=\"expertise-content-intro\"><p><strong>Mindful of the reality that employment law and company law are not mutually exclusive, Vivant Avocats\u2019 attorneys have all worked in multidisciplinary organisations, giving them a real-life perspective on the business world that informs your national and international corporate projects.<\/strong><\/p>\n<p><strong> Vivant Avocats assists companies in mergers, acquisitions, disposals, stake purchases, joint ventures, capital contributions, ipos, lbos, competition control, legal compliance control, and more.<\/strong><\/p>\n<\/div>\n                    <div class=\"expertise-content-text\"><p>Our corporate support services :<\/p>\n<ul class=\"ul1\">\n<li>Due diligence and corporate support audits<\/li>\n<li>Definition of the legal procedures forming part of the overall legal process<\/li>\n<li>Timetabling<\/li>\n<li>Assistance in drafting deeds<\/li>\n<li>Anticipating compliance audit risks<\/li>\n<li>Post-transaction management of company integration<\/li>\n<li>Deploying CSR, ESG ratings<\/li>\n<li>Compliance schemes (anti-corruption, compliance, French Sapin II Act, duty of care)<\/li>\n<\/ul>\n<p>Our services address all the social implications of mergers and acquisitions :<\/p>\n<ul class=\"ul1\">\n<li>Transferring contracts of employment<\/li>\n<li>Collective status (collective bargaining agreements, etc.)<\/li>\n<li>Social protection schemes<\/li>\n<li>Outcomes for staff representative bodies<\/li>\n<li>Employee shareholding and savings schemes<\/li>\n<li>Preparing information\/consultation and announcements for France and the EU<\/li>\n<li>Transfer litigation, challenges to articles of incorporation<\/li>\n<\/ul>\n<p><strong>Vivant Avocats <\/strong>benefits from an international network, facilitating regular work on international transactions.<\/p>\n<\/div>\n                <\/div>\n\n            \n                <div class=\"expertise-content-item\" expertise-id=\"121\">\n                    <div class=\"expertise-content-intro\"><p><strong>Compensation is key when it comes to recognising an employment relationship, encouraging loyalty, and attracting talent. It can quickly become complex, requiring a thorough knowledge of a swath of rights, figures, and contractual techniques \u2013 all offering further scope for innovation and creativity.<\/strong><\/p>\n<\/div>\n                    <div class=\"expertise-content-text\"><p><strong>Vivant Avocats <\/strong>joins forces with compensation and employee shareholding strategy consultants to support you as you seek to define and implement your policies for individual, collective, immediate, and deferred schemes.<\/p>\n<p>Our services:<\/p>\n<ul>\n<li>Defining overall compensation policy and structure;<\/li>\n<li>Non-mandatory profit-sharing;<\/li>\n<li>Mandatory profit-sharing;<\/li>\n<li>Employee savings (company savings plans, group savings plans, collective pension savings plans, etc.)<\/li>\n<li>Employee shareholding (shares, stock, share purchase warrants, etc.)<\/li>\n<li>Compensation-related litigation<\/li>\n<\/ul>\n<\/div>\n                <\/div>\n\n            \n                <div class=\"expertise-content-item\" expertise-id=\"120\">\n                    <div class=\"expertise-content-intro\"><p><strong>Vivant Avocats assists companies in the prevention and management of occupational accidents and diseases and in gross negligence claims. <\/strong><\/p>\n<p><strong>The attorneys in the practice advise companies in their relations with social security bodies, employees, and their representatives, including ongoing assistance during litigation proceedings with social security bodies and employees.<\/strong><\/p>\n<\/div>\n                    <div class=\"expertise-content-text\"><p><strong>Vivant Avocats <\/strong>also assists companies in how they apply social security legislation, in particular with regard to social security contributions, for instance during the course of compliance audits and inspections by social security bodies.<\/p>\n<p>In addition, <strong>Vivant Avocats <\/strong>can advise its clients on how to implement social security cover in a company.<\/p>\n<\/div>\n                <\/div>\n\n            \n                <div class=\"expertise-content-item\" expertise-id=\"119\">\n                    <div class=\"expertise-content-intro\"><p><strong>Litigation is a specialised field, and it\u2019s what attorneys specialise in. That includes preventing, preparing, and handling litigation, as well as anticipating issues such as reputation risk, room for manoeuvre, and executive officers\u2019 criminal liability exposure.<\/strong><\/p>\n<p><strong>Vivant Avocats has an experienced team headed up by a former magistrate, ensuring we deliver excellence and exhaustive knowledge of legal proceedings, and enabling the firm to handle all types of litigation, including mass litigation.<\/strong><\/p>\n<\/div>\n                    <div class=\"expertise-content-text\"><p>Our services span litigation assistance and management for a range of proceedings :<\/p>\n<ul class=\"ul1\">\n<li>Industrial tribunals<\/li>\n<li>Social security<\/li>\n<li>Elections and appointments<\/li>\n<li>Administrative proceedings<\/li>\n<li>Collective proceedings<\/li>\n<li>Criminal proceedings (discrimination, obstructionism, harassment, occupational accidents, sub-contracting, working time, health and safety, undeclared loan of labour, improper subcontracting, etc.).<\/li>\n<\/ul>\n<\/div>\n                <\/div>\n\n                    <\/div>\n    <\/div>\n\n[\/vc_column][\/vc_row]<\/p>\n","protected":false},"excerpt":{"rendered":"<p>[vc_row full_height=&#8221;yes&#8221; columns_placement=&#8221;top&#8221;][vc_column][\/vc_column][\/vc_row]<\/p>\n","protected":false},"author":1,"featured_media":0,"parent":0,"menu_order":0,"comment_status":"closed","ping_status":"closed","template":"page-full.php","meta":[],"yoast_head":"<!-- This site is optimized with the Yoast SEO plugin v16.8 - https:\/\/yoast.com\/wordpress\/plugins\/seo\/ -->\n<title>Expertises - Vivant Avocats<\/title>\n<meta name=\"description\" content=\"Toutes les expertises du cabinet Vivant Avocats sont pr\u00e9sent\u00e9es ici : Restructuration d\u2019entreprise, Ing\u00e9nierie et strat\u00e9gie sociale, Dialogue social et n\u00e9gociation collective, Gestion des aspects sociaux des op\u00e9rations corporate, R\u00e9mun\u00e9ration, \u00e9pargne et actionnariat salarial, S\u00e9curit\u00e9 sociale et Contentieux de la relation de travail.\" \/>\n<meta name=\"robots\" content=\"index, follow, max-snippet:-1, max-image-preview:large, max-video-preview:-1\" \/>\n<link rel=\"canonical\" href=\"https:\/\/www.vivantavocats.com\/en\/expertises\/\" \/>\n<meta property=\"og:locale\" content=\"en_US\" \/>\n<meta property=\"og:type\" content=\"article\" \/>\n<meta property=\"og:title\" content=\"Les expertises du cabinet Vivant Avocats.\" \/>\n<meta property=\"og:description\" content=\"Toutes les expertises du cabinet Vivant Avocats sont pr\u00e9sent\u00e9es ici : Restructuration d\u2019entreprise, Ing\u00e9nierie et strat\u00e9gie sociale, Dialogue social et n\u00e9gociation collective, Gestion des aspects sociaux des op\u00e9rations corporate, R\u00e9mun\u00e9ration, \u00e9pargne et actionnariat salarial, S\u00e9curit\u00e9 sociale et Contentieux de la relation de travail.\" \/>\n<meta property=\"og:url\" content=\"https:\/\/www.vivantavocats.com\/en\/expertises\/\" \/>\n<meta property=\"og:site_name\" content=\"Vivant Avocats\" \/>\n<meta property=\"article:modified_time\" content=\"2020-12-02T21:29:12+00:00\" \/>\n<meta name=\"twitter:card\" content=\"summary\" \/>\n<meta name=\"twitter:title\" content=\"Les expertises du cabinet Vivant Avocats.\" \/>\n<meta name=\"twitter:description\" content=\"Toutes les expertises du cabinet Vivant Avocats sont pr\u00e9sent\u00e9es ici : Restructuration d\u2019entreprise, Ing\u00e9nierie et strat\u00e9gie sociale, Dialogue social et n\u00e9gociation collective, Gestion des aspects sociaux des op\u00e9rations corporate, R\u00e9mun\u00e9ration, \u00e9pargne et actionnariat salarial, S\u00e9curit\u00e9 sociale et Contentieux de la relation de travail.\" \/>\n<script type=\"application\/ld+json\" class=\"yoast-schema-graph\">{\"@context\":\"https:\/\/schema.org\",\"@graph\":[{\"@type\":\"Organization\",\"@id\":\"https:\/\/www.vivantavocats.com\/#organization\",\"name\":\"Vivant Avocats\",\"url\":\"https:\/\/www.vivantavocats.com\/\",\"sameAs\":[],\"logo\":{\"@type\":\"ImageObject\",\"@id\":\"https:\/\/www.vivantavocats.com\/#logo\",\"inLanguage\":\"en-US\",\"url\":\"https:\/\/www.vivantavocats.com\/wp-content\/uploads\/2020\/08\/logo-vivant.png\",\"contentUrl\":\"https:\/\/www.vivantavocats.com\/wp-content\/uploads\/2020\/08\/logo-vivant.png\",\"width\":392,\"height\":532,\"caption\":\"Vivant Avocats\"},\"image\":{\"@id\":\"https:\/\/www.vivantavocats.com\/#logo\"}},{\"@type\":\"WebSite\",\"@id\":\"https:\/\/www.vivantavocats.com\/#website\",\"url\":\"https:\/\/www.vivantavocats.com\/\",\"name\":\"Vivant Avocats\",\"description\":\"\",\"publisher\":{\"@id\":\"https:\/\/www.vivantavocats.com\/#organization\"},\"potentialAction\":[{\"@type\":\"SearchAction\",\"target\":{\"@type\":\"EntryPoint\",\"urlTemplate\":\"https:\/\/www.vivantavocats.com\/?s={search_term_string}\"},\"query-input\":\"required name=search_term_string\"}],\"inLanguage\":\"en-US\"},{\"@type\":\"WebPage\",\"@id\":\"https:\/\/www.vivantavocats.com\/en\/expertises\/#webpage\",\"url\":\"https:\/\/www.vivantavocats.com\/en\/expertises\/\",\"name\":\"Expertises - Vivant Avocats\",\"isPartOf\":{\"@id\":\"https:\/\/www.vivantavocats.com\/#website\"},\"datePublished\":\"2020-08-05T13:23:35+00:00\",\"dateModified\":\"2020-12-02T21:29:12+00:00\",\"description\":\"Toutes les expertises du cabinet Vivant Avocats sont pr\\u00e9sent\\u00e9es ici : Restructuration d\\u2019entreprise, Ing\\u00e9nierie et strat\\u00e9gie sociale, Dialogue social et n\\u00e9gociation collective, Gestion des aspects sociaux des op\\u00e9rations corporate, R\\u00e9mun\\u00e9ration, \\u00e9pargne et actionnariat salarial, S\\u00e9curit\\u00e9 sociale et Contentieux de la relation de travail.\",\"breadcrumb\":{\"@id\":\"https:\/\/www.vivantavocats.com\/en\/expertises\/#breadcrumb\"},\"inLanguage\":\"en-US\",\"potentialAction\":[{\"@type\":\"ReadAction\",\"target\":[\"https:\/\/www.vivantavocats.com\/en\/expertises\/\"]}]},{\"@type\":\"BreadcrumbList\",\"@id\":\"https:\/\/www.vivantavocats.com\/en\/expertises\/#breadcrumb\",\"itemListElement\":[{\"@type\":\"ListItem\",\"position\":1,\"name\":\"Accueil\",\"item\":\"https:\/\/www.vivantavocats.com\/\"},{\"@type\":\"ListItem\",\"position\":2,\"name\":\"Expertises\"}]}]}<\/script>\n<!-- \/ Yoast SEO plugin. -->","yoast_head_json":{"title":"Expertises - Vivant Avocats","description":"Toutes les expertises du cabinet Vivant Avocats sont pr\u00e9sent\u00e9es ici : Restructuration d\u2019entreprise, Ing\u00e9nierie et strat\u00e9gie sociale, Dialogue social et n\u00e9gociation collective, Gestion des aspects sociaux des op\u00e9rations corporate, R\u00e9mun\u00e9ration, \u00e9pargne et actionnariat salarial, S\u00e9curit\u00e9 sociale et Contentieux de la relation de travail.","robots":{"index":"index","follow":"follow","max-snippet":"max-snippet:-1","max-image-preview":"max-image-preview:large","max-video-preview":"max-video-preview:-1"},"canonical":"https:\/\/www.vivantavocats.com\/en\/expertises\/","og_locale":"en_US","og_type":"article","og_title":"Les expertises du cabinet Vivant Avocats.","og_description":"Toutes les expertises du cabinet Vivant Avocats sont pr\u00e9sent\u00e9es ici : Restructuration d\u2019entreprise, Ing\u00e9nierie et strat\u00e9gie sociale, Dialogue social et n\u00e9gociation collective, Gestion des aspects sociaux des op\u00e9rations corporate, R\u00e9mun\u00e9ration, \u00e9pargne et actionnariat salarial, S\u00e9curit\u00e9 sociale et Contentieux de la relation de travail.","og_url":"https:\/\/www.vivantavocats.com\/en\/expertises\/","og_site_name":"Vivant Avocats","article_modified_time":"2020-12-02T21:29:12+00:00","twitter_card":"summary","twitter_title":"Les expertises du cabinet Vivant Avocats.","twitter_description":"Toutes les expertises du cabinet Vivant Avocats sont pr\u00e9sent\u00e9es ici : Restructuration d\u2019entreprise, Ing\u00e9nierie et strat\u00e9gie sociale, Dialogue social et n\u00e9gociation collective, Gestion des aspects sociaux des op\u00e9rations corporate, R\u00e9mun\u00e9ration, \u00e9pargne et actionnariat salarial, S\u00e9curit\u00e9 sociale et Contentieux de la relation de travail.","schema":{"@context":"https:\/\/schema.org","@graph":[{"@type":"Organization","@id":"https:\/\/www.vivantavocats.com\/#organization","name":"Vivant Avocats","url":"https:\/\/www.vivantavocats.com\/","sameAs":[],"logo":{"@type":"ImageObject","@id":"https:\/\/www.vivantavocats.com\/#logo","inLanguage":"en-US","url":"https:\/\/www.vivantavocats.com\/wp-content\/uploads\/2020\/08\/logo-vivant.png","contentUrl":"https:\/\/www.vivantavocats.com\/wp-content\/uploads\/2020\/08\/logo-vivant.png","width":392,"height":532,"caption":"Vivant Avocats"},"image":{"@id":"https:\/\/www.vivantavocats.com\/#logo"}},{"@type":"WebSite","@id":"https:\/\/www.vivantavocats.com\/#website","url":"https:\/\/www.vivantavocats.com\/","name":"Vivant Avocats","description":"","publisher":{"@id":"https:\/\/www.vivantavocats.com\/#organization"},"potentialAction":[{"@type":"SearchAction","target":{"@type":"EntryPoint","urlTemplate":"https:\/\/www.vivantavocats.com\/?s={search_term_string}"},"query-input":"required name=search_term_string"}],"inLanguage":"en-US"},{"@type":"WebPage","@id":"https:\/\/www.vivantavocats.com\/en\/expertises\/#webpage","url":"https:\/\/www.vivantavocats.com\/en\/expertises\/","name":"Expertises - Vivant Avocats","isPartOf":{"@id":"https:\/\/www.vivantavocats.com\/#website"},"datePublished":"2020-08-05T13:23:35+00:00","dateModified":"2020-12-02T21:29:12+00:00","description":"Toutes les expertises du cabinet Vivant Avocats sont pr\u00e9sent\u00e9es ici : Restructuration d\u2019entreprise, Ing\u00e9nierie et strat\u00e9gie sociale, Dialogue social et n\u00e9gociation collective, Gestion des aspects sociaux des op\u00e9rations corporate, R\u00e9mun\u00e9ration, \u00e9pargne et actionnariat salarial, S\u00e9curit\u00e9 sociale et Contentieux de la relation de travail.","breadcrumb":{"@id":"https:\/\/www.vivantavocats.com\/en\/expertises\/#breadcrumb"},"inLanguage":"en-US","potentialAction":[{"@type":"ReadAction","target":["https:\/\/www.vivantavocats.com\/en\/expertises\/"]}]},{"@type":"BreadcrumbList","@id":"https:\/\/www.vivantavocats.com\/en\/expertises\/#breadcrumb","itemListElement":[{"@type":"ListItem","position":1,"name":"Accueil","item":"https:\/\/www.vivantavocats.com\/"},{"@type":"ListItem","position":2,"name":"Expertises"}]}]}},"_links":{"self":[{"href":"https:\/\/www.vivantavocats.com\/en\/wp-json\/wp\/v2\/pages\/44"}],"collection":[{"href":"https:\/\/www.vivantavocats.com\/en\/wp-json\/wp\/v2\/pages"}],"about":[{"href":"https:\/\/www.vivantavocats.com\/en\/wp-json\/wp\/v2\/types\/page"}],"author":[{"embeddable":true,"href":"https:\/\/www.vivantavocats.com\/en\/wp-json\/wp\/v2\/users\/1"}],"replies":[{"embeddable":true,"href":"https:\/\/www.vivantavocats.com\/en\/wp-json\/wp\/v2\/comments?post=44"}],"version-history":[{"count":17,"href":"https:\/\/www.vivantavocats.com\/en\/wp-json\/wp\/v2\/pages\/44\/revisions"}],"predecessor-version":[{"id":286,"href":"https:\/\/www.vivantavocats.com\/en\/wp-json\/wp\/v2\/pages\/44\/revisions\/286"}],"wp:attachment":[{"href":"https:\/\/www.vivantavocats.com\/en\/wp-json\/wp\/v2\/media?parent=44"}],"curies":[{"name":"wp","href":"https:\/\/api.w.org\/{rel}","templated":true}]}}