{"id":46,"date":"2020-08-05T15:23:49","date_gmt":"2020-08-05T13:23:49","guid":{"rendered":"https:\/\/www.vivantavocats.com\/?page_id=46"},"modified":"2022-11-08T14:12:30","modified_gmt":"2022-11-08T13:12:30","slug":"social-decloisonne","status":"publish","type":"page","link":"https:\/\/www.vivantavocats.com\/en\/social-decloisonne\/","title":{"rendered":"Cross-cutting employment law services"},"content":{"rendered":"<p>[vc_row full_height=&#8221;yes&#8221; columns_placement=&#8221;top&#8221; equal_height=&#8221;yes&#8221; el_class=&#8221;line-separated&#8221;][vc_column width=&#8221;1\/2&#8243;][vc_column_text el_class=&#8221;motion item-appear-left&#8221;]<\/p>\n<h1>Cross-cutting employment law services<\/h1>\n<p>[\/vc_column_text]<div class=\"limited-box-container left-limited-text\" style=\"margin-top:0px;margin-bottom:0px;margin-left:0px;margin-right:0px;text-align:left;width:calc(100%)\">\n\t\t\t\t\t\t<div class=\"limited-box\" style=\"max-width:75%;color:inherit!important;\">[vc_column_text el_class=&#8221;medium-text&#8221; css=&#8221;.vc_custom_1603821676715{margin-bottom: 0px !important;}&#8221;]Well-designed hr projects meet the expectations of all the stakeholders. over and above the field of employment law itself, they call for a holistic approach, drawing on additional, advanced expertise.[\/vc_column_text]<\/div>\n\t\t\t\t\t<\/div>[\/vc_column][vc_column width=&#8221;1\/2&#8243;][vc_column_text]<\/p>\n<p class=\"p1\"><span class=\"s1\">This conviction has led <strong>Vivant Avocats<\/strong> to form a team of legal professionals with specialisations in all the required fields to implement HR policies (corporate, tax law, IP\/IT, criminal law, public law, competition law, etc.) as well as non-legal experts in fields including finance, strategy, transformation consultancy, transition management, mergers, recovery management, employment basin redevelopment, talent management, training, communication, crisis management, media training, mapping, risk prevention and management, local coordination and mediation of complex projects, alternative business engineering, optimisation of institutional relations, mobility, redeployment, repositioning coaching, and more.<\/span><\/p>\n<p>[\/vc_column_text][vc_column_text el_class=&#8221;motion item-appear-left&#8221;]<\/p>\n<h2>The aim<\/h2>\n<p>[\/vc_column_text][vc_column_text css=&#8221;.vc_custom_1605801880618{margin-bottom: 0px !important;}&#8221;]<\/p>\n<p class=\"p1\"><span class=\"s1\">Offer our clients innovative, holistic solutions, informed by insights from professionals from a wide range of backgrounds \u2013 independently of any competitive considerations, and inspired by the desire to achieve progress and corporate performance.<\/span><\/p>\n<p>[\/vc_column_text][vc_empty_space height=&#8221;60px&#8221;][\/vc_column][\/vc_row]<\/p>","protected":false},"excerpt":{"rendered":"<p>[vc_row full_height=&#8221;yes&#8221; columns_placement=&#8221;top&#8221; equal_height=&#8221;yes&#8221; el_class=&#8221;line-separated&#8221;][vc_column width=&#8221;1\/2&#8243;][vc_column_text el_class=&#8221;motion item-appear-left&#8221;] Cross-cutting employment law services [\/vc_column_text][\/vc_column][vc_column width=&#8221;1\/2&#8243;][vc_column_text] This conviction has led Vivant Avocats to form a team of legal professionals with specialisations in all the required fields to implement HR policies (corporate, tax law, IP\/IT, criminal law, public law, competition law, etc.) as well as non-legal experts in [&hellip;]<\/p>\n","protected":false},"author":1,"featured_media":0,"parent":0,"menu_order":0,"comment_status":"closed","ping_status":"closed","template":"page-full.php","meta":[],"yoast_head":"<!-- This site is optimized with the Yoast SEO plugin v16.8 - https:\/\/yoast.com\/wordpress\/plugins\/seo\/ -->\n<title>(Fran\u00e7ais) Vivant Avocats - Le social d\u00e9cloisonn\u00e9<\/title>\n<meta name=\"description\" content=\"(Fran\u00e7ais) Le cabinet Vivant Avocats propose \u00e0 ses clients une solution globale et innovante, nourrie de points de vue de professionnels aux profils divers, affranchis de toute contrainte concurrentielle et anim\u00e9s par la recherche du progr\u00e8s et de la performance sociale.\" \/>\n<meta name=\"robots\" content=\"index, follow, max-snippet:-1, max-image-preview:large, max-video-preview:-1\" \/>\n<link rel=\"canonical\" href=\"https:\/\/www.vivantavocats.com\/social-decloisonne\/\" \/>\n<meta property=\"og:locale\" content=\"en_US\" \/>\n<meta property=\"og:type\" content=\"article\" \/>\n<meta property=\"og:title\" content=\"{:fr}Le social d\u00e9cloisonn\u00e9 chez Vivant Avocats.{:}\" \/>\n<meta property=\"og:description\" content=\"{:fr}Le social d\u00e9cloisonn\u00e9. Pour \u00eatre bien con\u00e7us et pour r\u00e9pondre aux attentes des diff\u00e9rentes parties prenantes, les projets RH n\u00e9cessitent une approche globale impliquant, au-del\u00e0 du droit social, des expertises pointues et compl\u00e9mentaires.{:}\" \/>\n<meta property=\"og:url\" content=\"https:\/\/www.vivantavocats.com\/social-decloisonne\/\" \/>\n<meta property=\"og:site_name\" content=\"Vivant Avocats\" \/>\n<meta property=\"article:modified_time\" content=\"2022-11-08T13:12:30+00:00\" \/>\n<meta name=\"twitter:card\" content=\"summary\" \/>\n<meta name=\"twitter:title\" content=\"{:fr}Le social d\u00e9cloisonn\u00e9 chez Vivant Avocats.{:}\" \/>\n<meta name=\"twitter:description\" content=\"{:fr}Le social d\u00e9cloisonn\u00e9. Pour \u00eatre bien con\u00e7us et pour r\u00e9pondre aux attentes des diff\u00e9rentes parties prenantes, les projets RH n\u00e9cessitent une approche globale impliquant, au-del\u00e0 du droit social, des expertises pointues et compl\u00e9mentaires.{:}\" \/>\n<meta name=\"twitter:label1\" content=\"Est. reading time\" \/>\n\t<meta name=\"twitter:data1\" content=\"3 minutes\" \/>\n<script type=\"application\/ld+json\" class=\"yoast-schema-graph\">{\"@context\":\"https:\/\/schema.org\",\"@graph\":[{\"@type\":\"Organization\",\"@id\":\"https:\/\/www.vivantavocats.com\/#organization\",\"name\":\"Vivant Avocats\",\"url\":\"https:\/\/www.vivantavocats.com\/\",\"sameAs\":[],\"logo\":{\"@type\":\"ImageObject\",\"@id\":\"https:\/\/www.vivantavocats.com\/#logo\",\"inLanguage\":\"en-US\",\"url\":\"https:\/\/www.vivantavocats.com\/wp-content\/uploads\/2020\/08\/logo-vivant.png\",\"contentUrl\":\"https:\/\/www.vivantavocats.com\/wp-content\/uploads\/2020\/08\/logo-vivant.png\",\"width\":392,\"height\":532,\"caption\":\"Vivant Avocats\"},\"image\":{\"@id\":\"https:\/\/www.vivantavocats.com\/#logo\"}},{\"@type\":\"WebSite\",\"@id\":\"https:\/\/www.vivantavocats.com\/#website\",\"url\":\"https:\/\/www.vivantavocats.com\/\",\"name\":\"Vivant Avocats\",\"description\":\"\",\"publisher\":{\"@id\":\"https:\/\/www.vivantavocats.com\/#organization\"},\"potentialAction\":[{\"@type\":\"SearchAction\",\"target\":{\"@type\":\"EntryPoint\",\"urlTemplate\":\"https:\/\/www.vivantavocats.com\/?s={search_term_string}\"},\"query-input\":\"required name=search_term_string\"}],\"inLanguage\":\"en-US\"},{\"@type\":\"WebPage\",\"@id\":\"https:\/\/www.vivantavocats.com\/social-decloisonne\/#webpage\",\"url\":\"https:\/\/www.vivantavocats.com\/social-decloisonne\/\",\"name\":\"{:fr}Vivant Avocats - Le social d\\u00e9cloisonn\\u00e9{:}\",\"isPartOf\":{\"@id\":\"https:\/\/www.vivantavocats.com\/#website\"},\"datePublished\":\"2020-08-05T13:23:49+00:00\",\"dateModified\":\"2022-11-08T13:12:30+00:00\",\"description\":\"{:fr}Le cabinet Vivant Avocats propose \\u00e0 ses clients une solution globale et innovante, nourrie de points de vue de professionnels aux profils divers, affranchis de toute contrainte concurrentielle et anim\\u00e9s par la recherche du progr\\u00e8s et de la performance sociale.{:}\",\"breadcrumb\":{\"@id\":\"https:\/\/www.vivantavocats.com\/social-decloisonne\/#breadcrumb\"},\"inLanguage\":\"en-US\",\"potentialAction\":[{\"@type\":\"ReadAction\",\"target\":[\"https:\/\/www.vivantavocats.com\/social-decloisonne\/\"]}]},{\"@type\":\"BreadcrumbList\",\"@id\":\"https:\/\/www.vivantavocats.com\/social-decloisonne\/#breadcrumb\",\"itemListElement\":[{\"@type\":\"ListItem\",\"position\":1,\"name\":\"Accueil\",\"item\":\"https:\/\/www.vivantavocats.com\/\"},{\"@type\":\"ListItem\",\"position\":2,\"name\":\"Social d\\u00e9cloisonn\\u00e9\"}]}]}<\/script>\n<!-- \/ Yoast SEO plugin. -->","yoast_head_json":{"title":"(Fran\u00e7ais) Vivant Avocats - Le social d\u00e9cloisonn\u00e9","description":"(Fran\u00e7ais) Le cabinet Vivant Avocats propose \u00e0 ses clients une solution globale et innovante, nourrie de points de vue de professionnels aux profils divers, affranchis de toute contrainte concurrentielle et anim\u00e9s par la recherche du progr\u00e8s et de la performance sociale.","robots":{"index":"index","follow":"follow","max-snippet":"max-snippet:-1","max-image-preview":"max-image-preview:large","max-video-preview":"max-video-preview:-1"},"canonical":"https:\/\/www.vivantavocats.com\/social-decloisonne\/","og_locale":"en_US","og_type":"article","og_title":"{:fr}Le social d\u00e9cloisonn\u00e9 chez Vivant Avocats.{:}","og_description":"{:fr}Le social d\u00e9cloisonn\u00e9. Pour \u00eatre bien con\u00e7us et pour r\u00e9pondre aux attentes des diff\u00e9rentes parties prenantes, les projets RH n\u00e9cessitent une approche globale impliquant, au-del\u00e0 du droit social, des expertises pointues et compl\u00e9mentaires.{:}","og_url":"https:\/\/www.vivantavocats.com\/social-decloisonne\/","og_site_name":"Vivant Avocats","article_modified_time":"2022-11-08T13:12:30+00:00","twitter_card":"summary","twitter_title":"{:fr}Le social d\u00e9cloisonn\u00e9 chez Vivant Avocats.{:}","twitter_description":"{:fr}Le social d\u00e9cloisonn\u00e9. Pour \u00eatre bien con\u00e7us et pour r\u00e9pondre aux attentes des diff\u00e9rentes parties prenantes, les projets RH n\u00e9cessitent une approche globale impliquant, au-del\u00e0 du droit social, des expertises pointues et compl\u00e9mentaires.{:}","twitter_misc":{"Est. reading time":"3 minutes"},"schema":{"@context":"https:\/\/schema.org","@graph":[{"@type":"Organization","@id":"https:\/\/www.vivantavocats.com\/#organization","name":"Vivant Avocats","url":"https:\/\/www.vivantavocats.com\/","sameAs":[],"logo":{"@type":"ImageObject","@id":"https:\/\/www.vivantavocats.com\/#logo","inLanguage":"en-US","url":"https:\/\/www.vivantavocats.com\/wp-content\/uploads\/2020\/08\/logo-vivant.png","contentUrl":"https:\/\/www.vivantavocats.com\/wp-content\/uploads\/2020\/08\/logo-vivant.png","width":392,"height":532,"caption":"Vivant Avocats"},"image":{"@id":"https:\/\/www.vivantavocats.com\/#logo"}},{"@type":"WebSite","@id":"https:\/\/www.vivantavocats.com\/#website","url":"https:\/\/www.vivantavocats.com\/","name":"Vivant Avocats","description":"","publisher":{"@id":"https:\/\/www.vivantavocats.com\/#organization"},"potentialAction":[{"@type":"SearchAction","target":{"@type":"EntryPoint","urlTemplate":"https:\/\/www.vivantavocats.com\/?s={search_term_string}"},"query-input":"required name=search_term_string"}],"inLanguage":"en-US"},{"@type":"WebPage","@id":"https:\/\/www.vivantavocats.com\/social-decloisonne\/#webpage","url":"https:\/\/www.vivantavocats.com\/social-decloisonne\/","name":"{:fr}Vivant Avocats - Le social d\u00e9cloisonn\u00e9{:}","isPartOf":{"@id":"https:\/\/www.vivantavocats.com\/#website"},"datePublished":"2020-08-05T13:23:49+00:00","dateModified":"2022-11-08T13:12:30+00:00","description":"{:fr}Le cabinet Vivant Avocats propose \u00e0 ses clients une solution globale et innovante, nourrie de points de vue de professionnels aux profils divers, affranchis de toute contrainte concurrentielle et anim\u00e9s par la recherche du progr\u00e8s et de la performance sociale.{:}","breadcrumb":{"@id":"https:\/\/www.vivantavocats.com\/social-decloisonne\/#breadcrumb"},"inLanguage":"en-US","potentialAction":[{"@type":"ReadAction","target":["https:\/\/www.vivantavocats.com\/social-decloisonne\/"]}]},{"@type":"BreadcrumbList","@id":"https:\/\/www.vivantavocats.com\/social-decloisonne\/#breadcrumb","itemListElement":[{"@type":"ListItem","position":1,"name":"Accueil","item":"https:\/\/www.vivantavocats.com\/"},{"@type":"ListItem","position":2,"name":"Social d\u00e9cloisonn\u00e9"}]}]}},"_links":{"self":[{"href":"https:\/\/www.vivantavocats.com\/en\/wp-json\/wp\/v2\/pages\/46"}],"collection":[{"href":"https:\/\/www.vivantavocats.com\/en\/wp-json\/wp\/v2\/pages"}],"about":[{"href":"https:\/\/www.vivantavocats.com\/en\/wp-json\/wp\/v2\/types\/page"}],"author":[{"embeddable":true,"href":"https:\/\/www.vivantavocats.com\/en\/wp-json\/wp\/v2\/users\/1"}],"replies":[{"embeddable":true,"href":"https:\/\/www.vivantavocats.com\/en\/wp-json\/wp\/v2\/comments?post=46"}],"version-history":[{"count":33,"href":"https:\/\/www.vivantavocats.com\/en\/wp-json\/wp\/v2\/pages\/46\/revisions"}],"predecessor-version":[{"id":431,"href":"https:\/\/www.vivantavocats.com\/en\/wp-json\/wp\/v2\/pages\/46\/revisions\/431"}],"wp:attachment":[{"href":"https:\/\/www.vivantavocats.com\/en\/wp-json\/wp\/v2\/media?parent=46"}],"curies":[{"name":"wp","href":"https:\/\/api.w.org\/{rel}","templated":true}]}}