{"id":9,"date":"2020-08-04T17:08:45","date_gmt":"2020-08-04T15:08:45","guid":{"rendered":"https:\/\/www.vivantavocats.com\/?page_id=9"},"modified":"2022-11-08T10:41:21","modified_gmt":"2022-11-08T09:41:21","slug":"contact","status":"publish","type":"page","link":"https:\/\/www.vivantavocats.com\/en\/contact\/","title":{"rendered":"Contact"},"content":{"rendered":"<p>[vc_row][vc_column]<div class=\"limited-box-container normalp-text\" style=\"margin-top:0px;margin-bottom:0px;margin-left:0px;margin-right:0px;text-align:center;width:calc(100%)\">\n\t\t\t\t\t\t<div class=\"limited-box\" style=\"max-width:600px;color:inherit!important;\">[vc_empty_space height=&#8221;25vh&#8221;][vc_column_text el_class=&#8221;page-title motion item-appear-left&#8221;]<\/p>\n<h1 style=\"text-align: center;\">Contact<\/h1>\n<p>[\/vc_column_text][vc_empty_space height=&#8221;3vh&#8221;]<div class=\"horizontal-line-container shifted-line motion item-appear-left delayed-500\" style=\"height:1px;margin-top:50px;margin-bottom:30px;text-align:center;\">\n\t\t\t\t\t\t<div class=\"horizontal-line\" style=\"width:100%;height:1px;background:rgba(255,255,255,0.49);\"><\/div>\n\t\t\t\t\t<\/div>[vc_column_text el_class=&#8221;medium-text large-line-height-text motion item-appear-left delayed-750 offset-mini&#8221; css=&#8221;.vc_custom_1603283633168{margin-top: 0px !important;margin-bottom: 0px !important;}&#8221;]<\/p>\n<p style=\"text-align: center;\"><strong><img loading=\"lazy\" width=\"128\" height=\"128\" class=\"alignnone wp-image-324\" style=\"width: 24px;\" src=\"https:\/\/www.vivantavocats.com\/wp-content\/uploads\/2020\/10\/ic-addr.png\" alt=\"\" srcset=\"https:\/\/www.vivantavocats.com\/wp-content\/uploads\/2020\/10\/ic-addr.png 128w, https:\/\/www.vivantavocats.com\/wp-content\/uploads\/2020\/10\/ic-addr-16x16.png 16w\" sizes=\"(max-width: 128px) 100vw, 128px\" \/> 35, avenue d\u2019Eylau \u2013 75116 Paris<\/strong><br \/>\n<strong><img loading=\"lazy\" width=\"128\" height=\"128\" class=\"alignnone wp-image-311\" style=\"width: 24px;\" src=\"https:\/\/www.vivantavocats.com\/wp-content\/uploads\/2020\/10\/ic-mail.png\" alt=\"\" srcset=\"https:\/\/www.vivantavocats.com\/wp-content\/uploads\/2020\/10\/ic-mail.png 128w, https:\/\/www.vivantavocats.com\/wp-content\/uploads\/2020\/10\/ic-mail-16x16.png 16w\" sizes=\"(max-width: 128px) 100vw, 128px\" \/>\u00a0<span style=\"text-decoration: underline;\"><span style=\"color: #ffffff;\"><a style=\"color: #ffffff; text-decoration: underline;\" href=\"mailto:contact@vivantavocats.com\">contact@vivantavocats.com<\/a><\/span><\/span><\/strong><br \/>\n<strong><img loading=\"lazy\" width=\"128\" height=\"128\" class=\"alignnone wp-image-309\" style=\"width: 24px;\" src=\"https:\/\/www.vivantavocats.com\/wp-content\/uploads\/2020\/10\/ic-tel.png\" alt=\"\" srcset=\"https:\/\/www.vivantavocats.com\/wp-content\/uploads\/2020\/10\/ic-tel.png 128w, https:\/\/www.vivantavocats.com\/wp-content\/uploads\/2020\/10\/ic-tel-16x16.png 16w\" sizes=\"(max-width: 128px) 100vw, 128px\" \/>\u00a0+33 (1) 76 21 76 00<\/strong><br \/>\n<strong><img loading=\"lazy\" width=\"128\" height=\"128\" class=\"alignnone wp-image-310\" style=\"width: 24px;\" src=\"https:\/\/www.vivantavocats.com\/wp-content\/uploads\/2020\/10\/ic-fax.png\" alt=\"\" srcset=\"https:\/\/www.vivantavocats.com\/wp-content\/uploads\/2020\/10\/ic-fax.png 128w, https:\/\/www.vivantavocats.com\/wp-content\/uploads\/2020\/10\/ic-fax-16x16.png 16w\" sizes=\"(max-width: 128px) 100vw, 128px\" \/>\u00a0+33 (1) 76 21 76 15<\/strong><\/p>\n<p>[\/vc_column_text]<div class=\"horizontal-line-container shifted-line motion item-appear-left delayed-1250 offset-mini\" style=\"height:1px;margin-top:30px;margin-bottom:30px;text-align:center;\">\n\t\t\t\t\t\t<div class=\"horizontal-line\" style=\"width:100%;height:1px;background:rgba(255,255,255,0.49);\"><\/div>\n\t\t\t\t\t<\/div>[vc_empty_space height=&#8221;7vh&#8221;]<\/div>\n\t\t\t\t\t<\/div>[\/vc_column][\/vc_row]<\/p>\n","protected":false},"excerpt":{"rendered":"<p>[vc_row][vc_column][\/vc_column][\/vc_row]<\/p>\n","protected":false},"author":1,"featured_media":0,"parent":0,"menu_order":0,"comment_status":"closed","ping_status":"closed","template":"page-full.php","meta":[],"yoast_head":"<!-- This site is optimized with the Yoast SEO plugin v16.8 - https:\/\/yoast.com\/wordpress\/plugins\/seo\/ -->\n<title>Contact - Vivant Avocats<\/title>\n<meta name=\"description\" content=\"(Fran\u00e7ais) Contacter le cabinet Vivant Avocats. Adresse postale, adresse email, t\u00e9l\u00e9phone et fax du cabinet d&#039;avocats.\" \/>\n<meta name=\"robots\" content=\"index, follow, max-snippet:-1, max-image-preview:large, max-video-preview:-1\" \/>\n<link rel=\"canonical\" href=\"https:\/\/www.vivantavocats.com\/contact\/\" \/>\n<meta property=\"og:locale\" content=\"en_US\" \/>\n<meta property=\"og:type\" content=\"article\" \/>\n<meta property=\"og:title\" content=\"{:fr}Contacter le cabinet Vivant Avocats.{:}\" \/>\n<meta property=\"og:description\" content=\"{:fr}Contacter le cabinet Vivant Avocats. Adresse postale, adresse email, t\u00e9l\u00e9phone et fax du cabinet d&#039;avocats. {:}\" \/>\n<meta property=\"og:url\" content=\"https:\/\/www.vivantavocats.com\/contact\/\" \/>\n<meta property=\"og:site_name\" content=\"Vivant Avocats\" \/>\n<meta property=\"article:modified_time\" content=\"2022-11-08T09:41:21+00:00\" \/>\n<meta property=\"og:image\" content=\"https:\/\/www.vivantavocats.com\/wp-content\/uploads\/2020\/10\/ic-addr.png\" \/>\n<meta name=\"twitter:card\" content=\"summary\" \/>\n<meta name=\"twitter:title\" content=\"{:fr}Contacter le cabinet Vivant Avocats.{:}\" \/>\n<meta name=\"twitter:description\" content=\"{:fr}Contacter le cabinet Vivant Avocats. Adresse postale, adresse email, t\u00e9l\u00e9phone et fax du cabinet d&#039;avocats. {:}\" \/>\n<meta name=\"twitter:label1\" content=\"Est. reading time\" \/>\n\t<meta name=\"twitter:data1\" content=\"1 minute\" \/>\n<script type=\"application\/ld+json\" class=\"yoast-schema-graph\">{\"@context\":\"https:\/\/schema.org\",\"@graph\":[{\"@type\":\"Organization\",\"@id\":\"https:\/\/www.vivantavocats.com\/#organization\",\"name\":\"Vivant Avocats\",\"url\":\"https:\/\/www.vivantavocats.com\/\",\"sameAs\":[],\"logo\":{\"@type\":\"ImageObject\",\"@id\":\"https:\/\/www.vivantavocats.com\/#logo\",\"inLanguage\":\"en-US\",\"url\":\"https:\/\/www.vivantavocats.com\/wp-content\/uploads\/2020\/08\/logo-vivant.png\",\"contentUrl\":\"https:\/\/www.vivantavocats.com\/wp-content\/uploads\/2020\/08\/logo-vivant.png\",\"width\":392,\"height\":532,\"caption\":\"Vivant Avocats\"},\"image\":{\"@id\":\"https:\/\/www.vivantavocats.com\/#logo\"}},{\"@type\":\"WebSite\",\"@id\":\"https:\/\/www.vivantavocats.com\/#website\",\"url\":\"https:\/\/www.vivantavocats.com\/\",\"name\":\"Vivant Avocats\",\"description\":\"\",\"publisher\":{\"@id\":\"https:\/\/www.vivantavocats.com\/#organization\"},\"potentialAction\":[{\"@type\":\"SearchAction\",\"target\":{\"@type\":\"EntryPoint\",\"urlTemplate\":\"https:\/\/www.vivantavocats.com\/?s={search_term_string}\"},\"query-input\":\"required name=search_term_string\"}],\"inLanguage\":\"en-US\"},{\"@type\":\"ImageObject\",\"@id\":\"https:\/\/www.vivantavocats.com\/contact\/#primaryimage\",\"inLanguage\":\"en-US\",\"url\":\"https:\/\/www.vivantavocats.com\/wp-content\/uploads\/2020\/10\/ic-addr.png\",\"contentUrl\":\"https:\/\/www.vivantavocats.com\/wp-content\/uploads\/2020\/10\/ic-addr.png\",\"width\":128,\"height\":128},{\"@type\":[\"WebPage\",\"ContactPage\"],\"@id\":\"https:\/\/www.vivantavocats.com\/contact\/#webpage\",\"url\":\"https:\/\/www.vivantavocats.com\/contact\/\",\"name\":\"Contact - Vivant Avocats\",\"isPartOf\":{\"@id\":\"https:\/\/www.vivantavocats.com\/#website\"},\"primaryImageOfPage\":{\"@id\":\"https:\/\/www.vivantavocats.com\/contact\/#primaryimage\"},\"datePublished\":\"2020-08-04T15:08:45+00:00\",\"dateModified\":\"2022-11-08T09:41:21+00:00\",\"description\":\"{:fr}Contacter le cabinet Vivant Avocats. Adresse postale, adresse email, t\\u00e9l\\u00e9phone et fax du cabinet d'avocats.{:}\",\"breadcrumb\":{\"@id\":\"https:\/\/www.vivantavocats.com\/contact\/#breadcrumb\"},\"inLanguage\":\"en-US\",\"potentialAction\":[{\"@type\":\"ReadAction\",\"target\":[\"https:\/\/www.vivantavocats.com\/contact\/\"]}]},{\"@type\":\"BreadcrumbList\",\"@id\":\"https:\/\/www.vivantavocats.com\/contact\/#breadcrumb\",\"itemListElement\":[{\"@type\":\"ListItem\",\"position\":1,\"name\":\"Accueil\",\"item\":\"https:\/\/www.vivantavocats.com\/\"},{\"@type\":\"ListItem\",\"position\":2,\"name\":\"Contact\"}]}]}<\/script>\n<!-- \/ Yoast SEO plugin. -->","yoast_head_json":{"title":"Contact - Vivant Avocats","description":"(Fran\u00e7ais) Contacter le cabinet Vivant Avocats. Adresse postale, adresse email, t\u00e9l\u00e9phone et fax du cabinet d'avocats.","robots":{"index":"index","follow":"follow","max-snippet":"max-snippet:-1","max-image-preview":"max-image-preview:large","max-video-preview":"max-video-preview:-1"},"canonical":"https:\/\/www.vivantavocats.com\/contact\/","og_locale":"en_US","og_type":"article","og_title":"{:fr}Contacter le cabinet Vivant Avocats.{:}","og_description":"{:fr}Contacter le cabinet Vivant Avocats. Adresse postale, adresse email, t\u00e9l\u00e9phone et fax du cabinet d'avocats. {:}","og_url":"https:\/\/www.vivantavocats.com\/contact\/","og_site_name":"Vivant Avocats","article_modified_time":"2022-11-08T09:41:21+00:00","og_image":[{"url":"https:\/\/www.vivantavocats.com\/wp-content\/uploads\/2020\/10\/ic-addr.png"}],"twitter_card":"summary","twitter_title":"{:fr}Contacter le cabinet Vivant Avocats.{:}","twitter_description":"{:fr}Contacter le cabinet Vivant Avocats. Adresse postale, adresse email, t\u00e9l\u00e9phone et fax du cabinet d'avocats. {:}","twitter_misc":{"Est. reading time":"1 minute"},"schema":{"@context":"https:\/\/schema.org","@graph":[{"@type":"Organization","@id":"https:\/\/www.vivantavocats.com\/#organization","name":"Vivant Avocats","url":"https:\/\/www.vivantavocats.com\/","sameAs":[],"logo":{"@type":"ImageObject","@id":"https:\/\/www.vivantavocats.com\/#logo","inLanguage":"en-US","url":"https:\/\/www.vivantavocats.com\/wp-content\/uploads\/2020\/08\/logo-vivant.png","contentUrl":"https:\/\/www.vivantavocats.com\/wp-content\/uploads\/2020\/08\/logo-vivant.png","width":392,"height":532,"caption":"Vivant Avocats"},"image":{"@id":"https:\/\/www.vivantavocats.com\/#logo"}},{"@type":"WebSite","@id":"https:\/\/www.vivantavocats.com\/#website","url":"https:\/\/www.vivantavocats.com\/","name":"Vivant Avocats","description":"","publisher":{"@id":"https:\/\/www.vivantavocats.com\/#organization"},"potentialAction":[{"@type":"SearchAction","target":{"@type":"EntryPoint","urlTemplate":"https:\/\/www.vivantavocats.com\/?s={search_term_string}"},"query-input":"required name=search_term_string"}],"inLanguage":"en-US"},{"@type":"ImageObject","@id":"https:\/\/www.vivantavocats.com\/contact\/#primaryimage","inLanguage":"en-US","url":"https:\/\/www.vivantavocats.com\/wp-content\/uploads\/2020\/10\/ic-addr.png","contentUrl":"https:\/\/www.vivantavocats.com\/wp-content\/uploads\/2020\/10\/ic-addr.png","width":128,"height":128},{"@type":["WebPage","ContactPage"],"@id":"https:\/\/www.vivantavocats.com\/contact\/#webpage","url":"https:\/\/www.vivantavocats.com\/contact\/","name":"Contact - Vivant Avocats","isPartOf":{"@id":"https:\/\/www.vivantavocats.com\/#website"},"primaryImageOfPage":{"@id":"https:\/\/www.vivantavocats.com\/contact\/#primaryimage"},"datePublished":"2020-08-04T15:08:45+00:00","dateModified":"2022-11-08T09:41:21+00:00","description":"{:fr}Contacter le cabinet Vivant Avocats. Adresse postale, adresse email, t\u00e9l\u00e9phone et fax du cabinet d'avocats.{:}","breadcrumb":{"@id":"https:\/\/www.vivantavocats.com\/contact\/#breadcrumb"},"inLanguage":"en-US","potentialAction":[{"@type":"ReadAction","target":["https:\/\/www.vivantavocats.com\/contact\/"]}]},{"@type":"BreadcrumbList","@id":"https:\/\/www.vivantavocats.com\/contact\/#breadcrumb","itemListElement":[{"@type":"ListItem","position":1,"name":"Accueil","item":"https:\/\/www.vivantavocats.com\/"},{"@type":"ListItem","position":2,"name":"Contact"}]}]}},"_links":{"self":[{"href":"https:\/\/www.vivantavocats.com\/en\/wp-json\/wp\/v2\/pages\/9"}],"collection":[{"href":"https:\/\/www.vivantavocats.com\/en\/wp-json\/wp\/v2\/pages"}],"about":[{"href":"https:\/\/www.vivantavocats.com\/en\/wp-json\/wp\/v2\/types\/page"}],"author":[{"embeddable":true,"href":"https:\/\/www.vivantavocats.com\/en\/wp-json\/wp\/v2\/users\/1"}],"replies":[{"embeddable":true,"href":"https:\/\/www.vivantavocats.com\/en\/wp-json\/wp\/v2\/comments?post=9"}],"version-history":[{"count":60,"href":"https:\/\/www.vivantavocats.com\/en\/wp-json\/wp\/v2\/pages\/9\/revisions"}],"predecessor-version":[{"id":380,"href":"https:\/\/www.vivantavocats.com\/en\/wp-json\/wp\/v2\/pages\/9\/revisions\/380"}],"wp:attachment":[{"href":"https:\/\/www.vivantavocats.com\/en\/wp-json\/wp\/v2\/media?parent=9"}],"curies":[{"name":"wp","href":"https:\/\/api.w.org\/{rel}","templated":true}]}}